{"id":291,"date":"2019-07-05T20:32:24","date_gmt":"2019-07-05T19:32:24","guid":{"rendered":"https:\/\/sites.cru.org\/agapepl\/?page_id=291"},"modified":"2023-03-15T23:11:45","modified_gmt":"2023-03-15T22:11:45","slug":"rozdzial-13-pilnuj-nauki-i-samego-siebie","status":"publish","type":"page","link":"https:\/\/sites.cru.org\/agapepl\/rozdzial-13-pilnuj-nauki-i-samego-siebie\/","title":{"rendered":"Rozdzia\u0142 13 PILNUJ NAUKI I SAMEGO SIEBIE"},"content":{"rendered":"\t\t<div data-elementor-type=\"wp-page\" data-elementor-id=\"291\" class=\"elementor elementor-291\" data-elementor-post-type=\"page\">\n\t\t\t\t\t\t<header class=\"elementor-section elementor-top-section elementor-element elementor-element-278d14de elementor-section-content-middle elementor-section-height-min-height elementor-section-full_width elementor-section-height-default elementor-section-items-middle\" data-id=\"278d14de\" data-element_type=\"section\" data-settings=\"{&quot;background_background&quot;:&quot;classic&quot;}\">\n\t\t\t\t\t\t<div class=\"elementor-container elementor-column-gap-no\">\n\t\t\t\t\t<div class=\"elementor-column elementor-col-100 elementor-top-column elementor-element elementor-element-7ac88ab\" data-id=\"7ac88ab\" data-element_type=\"column\">\n\t\t\t<div class=\"elementor-widget-wrap elementor-element-populated\">\n\t\t\t\t\t\t<section class=\"elementor-section elementor-inner-section elementor-element elementor-element-402584cb elementor-section-full_width elementor-section-content-middle elementor-section-height-default elementor-section-height-default\" data-id=\"402584cb\" data-element_type=\"section\">\n\t\t\t\t\t\t<div class=\"elementor-container elementor-column-gap-default\">\n\t\t\t\t\t<div class=\"elementor-column elementor-col-50 elementor-inner-column elementor-element elementor-element-53973bcb\" data-id=\"53973bcb\" data-element_type=\"column\">\n\t\t\t<div class=\"elementor-widget-wrap elementor-element-populated\">\n\t\t\t\t\t\t<div class=\"elementor-element elementor-element-3279a4a4 elementor-nav-menu__align-justify elementor-nav-menu--dropdown-mobile elementor-nav-menu--stretch elementor-nav-menu__text-align-center elementor-nav-menu--toggle elementor-nav-menu--burger elementor-widget elementor-widget-global elementor-global-3611 elementor-widget-nav-menu\" data-id=\"3279a4a4\" data-element_type=\"widget\" data-settings=\"{&quot;submenu_icon&quot;:{&quot;value&quot;:&quot;fas e-plus-icon&quot;,&quot;library&quot;:&quot;&quot;},&quot;full_width&quot;:&quot;stretch&quot;,&quot;sticky&quot;:&quot;top&quot;,&quot;_animation_mobile&quot;:&quot;none&quot;,&quot;sticky_parent&quot;:&quot;yes&quot;,&quot;layout&quot;:&quot;horizontal&quot;,&quot;toggle&quot;:&quot;burger&quot;,&quot;sticky_on&quot;:[&quot;desktop&quot;,&quot;tablet&quot;,&quot;mobile&quot;],&quot;sticky_offset&quot;:0,&quot;sticky_effects_offset&quot;:0,&quot;sticky_anchor_link_offset&quot;:0}\" data-widget_type=\"nav-menu.default\">\n\t\t\t\t<div class=\"elementor-widget-container\">\n\t\t\t\t\t\t\t\t<nav aria-label=\"Menu\" class=\"elementor-nav-menu--main elementor-nav-menu__container elementor-nav-menu--layout-horizontal e--pointer-overline e--animation-grow\">\n\t\t\t\t<ul id=\"menu-1-3279a4a4\" class=\"elementor-nav-menu\"><li class=\"menu-item menu-item-type-post_type menu-item-object-page menu-item-home menu-item-7829\"><a href=\"https:\/\/sites.cru.org\/agapepl\/\" class=\"elementor-item menu-link\">strona g\u0142\u00f3wna<\/a><\/li>\n<li class=\"menu-item menu-item-type-post_type menu-item-object-page menu-item-has-children menu-item-1987\"><a aria-expanded=\"false\" href=\"https:\/\/sites.cru.org\/agapepl\/relacja-z-bogiem\/\" class=\"elementor-item menu-link\">Relacja z Bogiem<\/a>\n<ul class=\"sub-menu elementor-nav-menu--dropdown\">\n\t<li class=\"menu-item menu-item-type-post_type menu-item-object-page menu-item-2038\"><a href=\"https:\/\/sites.cru.org\/agapepl\/relacja-z-bogiem\/\" class=\"elementor-sub-item menu-link\">Relacja z Bogiem<\/a><\/li>\n\t<li class=\"menu-item menu-item-type-post_type menu-item-object-page menu-item-1260\"><a href=\"https:\/\/sites.cru.org\/agapepl\/spadajace-talerze\/\" class=\"elementor-sub-item menu-link\">Film Spadaj\u0105ce Talerze<\/a><\/li>\n<\/ul>\n<\/li>\n<li class=\"menu-item menu-item-type-post_type menu-item-object-page menu-item-4158\"><a href=\"https:\/\/sites.cru.org\/agapepl\/ksb\/onas\/\" class=\"elementor-item menu-link\">o nas<\/a><\/li>\n<li class=\"menu-item menu-item-type-post_type menu-item-object-page menu-item-1977\"><a href=\"https:\/\/sites.cru.org\/agapepl\/etrenerzy\/\" class=\"elementor-item menu-link\">E-trenerzy<\/a><\/li>\n<li class=\"menu-item menu-item-type-post_type menu-item-object-page menu-item-186\"><a href=\"https:\/\/sites.cru.org\/agapepl\/kontakt\/\" class=\"elementor-item menu-link\">KONTAKT<\/a><\/li>\n<li class=\"menu-item menu-item-type-post_type menu-item-object-page menu-item-has-children menu-item-29\"><a aria-expanded=\"false\" href=\"https:\/\/sites.cru.org\/agapepl\/ksb\/biblioteka\/\" class=\"elementor-item menu-link\">MATERIA\u0141Y DODATKOWE<\/a>\n<ul class=\"sub-menu elementor-nav-menu--dropdown\">\n\t<li class=\"menu-item menu-item-type-post_type menu-item-object-page menu-item-2041\"><a href=\"https:\/\/sites.cru.org\/agapepl\/ksb\/biblioteka\/\" class=\"elementor-sub-item menu-link\">materia\u0142y dodatkowe<\/a><\/li>\n\t<li class=\"menu-item menu-item-type-post_type menu-item-object-page menu-item-1140\"><a href=\"https:\/\/sites.cru.org\/agapepl\/quizy\/\" class=\"elementor-sub-item menu-link\">Quizy<\/a><\/li>\n\t<li class=\"menu-item menu-item-type-post_type menu-item-object-page menu-item-1094\"><a href=\"https:\/\/sites.cru.org\/agapepl\/tapety\/\" class=\"elementor-sub-item menu-link\">TAPETY NA TELEFON<\/a><\/li>\n\t<li class=\"menu-item menu-item-type-post_type menu-item-object-page menu-item-1095\"><a href=\"https:\/\/sites.cru.org\/agapepl\/pulpit\/\" class=\"elementor-sub-item menu-link\">TAPETY NA PULPIT<\/a><\/li>\n<\/ul>\n<\/li>\n<\/ul>\t\t\t<\/nav>\n\t\t\t\t\t<div class=\"elementor-menu-toggle\" role=\"button\" tabindex=\"0\" aria-label=\"Menu Toggle\" aria-expanded=\"false\">\n\t\t\t<i aria-hidden=\"true\" role=\"presentation\" class=\"elementor-menu-toggle__icon--open eicon-menu-bar\"><\/i><i aria-hidden=\"true\" role=\"presentation\" class=\"elementor-menu-toggle__icon--close eicon-close\"><\/i>\t\t<\/div>\n\t\t\t\t\t<nav class=\"elementor-nav-menu--dropdown elementor-nav-menu__container\" aria-hidden=\"true\">\n\t\t\t\t<ul id=\"menu-2-3279a4a4\" class=\"elementor-nav-menu\"><li class=\"menu-item menu-item-type-post_type menu-item-object-page menu-item-home menu-item-7829\"><a href=\"https:\/\/sites.cru.org\/agapepl\/\" class=\"elementor-item menu-link\" tabindex=\"-1\">strona g\u0142\u00f3wna<\/a><\/li>\n<li class=\"menu-item menu-item-type-post_type menu-item-object-page menu-item-has-children menu-item-1987\"><a aria-expanded=\"false\" href=\"https:\/\/sites.cru.org\/agapepl\/relacja-z-bogiem\/\" class=\"elementor-item menu-link\" tabindex=\"-1\">Relacja z Bogiem<\/a>\n<ul class=\"sub-menu elementor-nav-menu--dropdown\">\n\t<li class=\"menu-item menu-item-type-post_type menu-item-object-page menu-item-2038\"><a href=\"https:\/\/sites.cru.org\/agapepl\/relacja-z-bogiem\/\" class=\"elementor-sub-item menu-link\" tabindex=\"-1\">Relacja z Bogiem<\/a><\/li>\n\t<li class=\"menu-item menu-item-type-post_type menu-item-object-page menu-item-1260\"><a href=\"https:\/\/sites.cru.org\/agapepl\/spadajace-talerze\/\" class=\"elementor-sub-item menu-link\" tabindex=\"-1\">Film Spadaj\u0105ce Talerze<\/a><\/li>\n<\/ul>\n<\/li>\n<li class=\"menu-item menu-item-type-post_type menu-item-object-page menu-item-4158\"><a href=\"https:\/\/sites.cru.org\/agapepl\/ksb\/onas\/\" class=\"elementor-item menu-link\" tabindex=\"-1\">o nas<\/a><\/li>\n<li class=\"menu-item menu-item-type-post_type menu-item-object-page menu-item-1977\"><a href=\"https:\/\/sites.cru.org\/agapepl\/etrenerzy\/\" class=\"elementor-item menu-link\" tabindex=\"-1\">E-trenerzy<\/a><\/li>\n<li class=\"menu-item menu-item-type-post_type menu-item-object-page menu-item-186\"><a href=\"https:\/\/sites.cru.org\/agapepl\/kontakt\/\" class=\"elementor-item menu-link\" tabindex=\"-1\">KONTAKT<\/a><\/li>\n<li class=\"menu-item menu-item-type-post_type menu-item-object-page menu-item-has-children menu-item-29\"><a aria-expanded=\"false\" href=\"https:\/\/sites.cru.org\/agapepl\/ksb\/biblioteka\/\" class=\"elementor-item menu-link\" tabindex=\"-1\">MATERIA\u0141Y DODATKOWE<\/a>\n<ul class=\"sub-menu elementor-nav-menu--dropdown\">\n\t<li class=\"menu-item menu-item-type-post_type menu-item-object-page menu-item-2041\"><a href=\"https:\/\/sites.cru.org\/agapepl\/ksb\/biblioteka\/\" class=\"elementor-sub-item menu-link\" tabindex=\"-1\">materia\u0142y dodatkowe<\/a><\/li>\n\t<li class=\"menu-item menu-item-type-post_type menu-item-object-page menu-item-1140\"><a href=\"https:\/\/sites.cru.org\/agapepl\/quizy\/\" class=\"elementor-sub-item menu-link\" tabindex=\"-1\">Quizy<\/a><\/li>\n\t<li class=\"menu-item menu-item-type-post_type menu-item-object-page menu-item-1094\"><a href=\"https:\/\/sites.cru.org\/agapepl\/tapety\/\" class=\"elementor-sub-item menu-link\" tabindex=\"-1\">TAPETY NA TELEFON<\/a><\/li>\n\t<li class=\"menu-item menu-item-type-post_type menu-item-object-page menu-item-1095\"><a href=\"https:\/\/sites.cru.org\/agapepl\/pulpit\/\" class=\"elementor-sub-item menu-link\" tabindex=\"-1\">TAPETY NA PULPIT<\/a><\/li>\n<\/ul>\n<\/li>\n<\/ul>\t\t\t<\/nav>\n\t\t\t\t\t\t<\/div>\n\t\t\t\t<\/div>\n\t\t\t\t\t<\/div>\n\t\t<\/div>\n\t\t\t\t<div class=\"elementor-column elementor-col-50 elementor-inner-column elementor-element elementor-element-7140dda0\" data-id=\"7140dda0\" data-element_type=\"column\">\n\t\t\t<div class=\"elementor-widget-wrap elementor-element-populated\">\n\t\t\t\t\t\t<div class=\"elementor-element elementor-element-3c3317e2 elementor-hidden-phone elementor-widget__width-auto elementor-absolute elementor-widget elementor-widget-global elementor-global-3614 elementor-widget-image\" data-id=\"3c3317e2\" data-element_type=\"widget\" data-settings=\"{&quot;_position&quot;:&quot;absolute&quot;,&quot;_animation&quot;:&quot;none&quot;}\" data-widget_type=\"image.default\">\n\t\t\t\t<div class=\"elementor-widget-container\">\n\t\t\t\t\t\t\t\t\t\t\t\t\t\t\t<img decoding=\"async\" src=\"https:\/\/sites.cru.org\/agapepl\/wp-content\/uploads\/sites\/140\/2021\/06\/zdopiskiem.png?w=300\" title=\"zdopiskiem\" alt=\"zdopiskiem\" loading=\"lazy\" \/>\t\t\t\t\t\t\t\t\t\t\t\t\t\t\t<\/div>\n\t\t\t\t<\/div>\n\t\t\t\t\t<\/div>\n\t\t<\/div>\n\t\t\t\t\t<\/div>\n\t\t<\/section>\n\t\t\t\t<div class=\"elementor-element elementor-element-531e3b24 elementor-widget elementor-widget-image\" data-id=\"531e3b24\" data-element_type=\"widget\" data-widget_type=\"image.default\">\n\t\t\t\t<div class=\"elementor-widget-container\">\n\t\t\t\t\t\t\t\t\t\t\t\t\t\t\t\t<a href=\"https:\/\/www.agape.pl\">\n\t\t\t\t\t\t\t<img fetchpriority=\"high\" decoding=\"async\" width=\"1100\" height=\"293\" src=\"https:\/\/sites.cru.org\/agapepl\/wp-content\/uploads\/sites\/140\/2021\/06\/31.jpg\" class=\"attachment-full size-full wp-image-3604\" alt=\"\" srcset=\"https:\/\/sites.cru.org\/agapepl\/wp-content\/uploads\/sites\/140\/2021\/06\/31.jpg 1688w, https:\/\/sites.cru.org\/agapepl\/wp-content\/uploads\/sites\/140\/2021\/06\/31.jpg?resize=300,80 300w, https:\/\/sites.cru.org\/agapepl\/wp-content\/uploads\/sites\/140\/2021\/06\/31.jpg?resize=768,205 768w, https:\/\/sites.cru.org\/agapepl\/wp-content\/uploads\/sites\/140\/2021\/06\/31.jpg?resize=1024,273 1024w, https:\/\/sites.cru.org\/agapepl\/wp-content\/uploads\/sites\/140\/2021\/06\/31.jpg?resize=1536,409 1536w\" sizes=\"(max-width: 1100px) 100vw, 1100px\" \/>\t\t\t\t\t\t\t\t<\/a>\n\t\t\t\t\t\t\t\t\t\t\t\t\t\t\t<\/div>\n\t\t\t\t<\/div>\n\t\t\t\t\t<\/div>\n\t\t<\/div>\n\t\t\t\t\t<\/div>\n\t\t<\/header>\n\t\t\t\t<section class=\"elementor-section elementor-top-section elementor-element elementor-element-43d71279 elementor-section-boxed elementor-section-height-default elementor-section-height-default\" data-id=\"43d71279\" data-element_type=\"section\">\n\t\t\t\t\t\t<div class=\"elementor-container elementor-column-gap-default\">\n\t\t\t\t\t<div class=\"elementor-column elementor-col-100 elementor-top-column elementor-element elementor-element-ec7e08b\" data-id=\"ec7e08b\" data-element_type=\"column\">\n\t\t\t<div class=\"elementor-widget-wrap elementor-element-populated\">\n\t\t\t\t\t\t<div class=\"elementor-element elementor-element-49887be7 elementor-widget elementor-widget-text-editor\" data-id=\"49887be7\" data-element_type=\"widget\" data-widget_type=\"text-editor.default\">\n\t\t\t\t<div class=\"elementor-widget-container\">\n\t\t\t\t\t\t\t\t\t<p><a href=\"https:\/\/sites.cru.org\/agapepl\/prawdy-biblijne-na-dzisiaj\/rozdzial-12-cztery-rozne-doktryny\/\" target=\"_blank\" rel=\"noopener noreferrer\">POPRZEDNI ROZDZIA\u0141<\/a><\/p><p><strong>Pilnuj nauki i samego siebie<\/strong><\/p><p>Pawe\u0142 stale na nowo przypomina Tymoteuszowi o wa\u017cno\u015bci doktryny. W 1 Tm 4,16 zach\u0119ca on Tymoteusza po pierwsze, \u017ceby pilnowa\u0142 siebie. Czy jego \u017cycie jest w porz\u0105dku? Potem, po drugie, prosi go, aby pilnowa\u0142 nauki. Czy j\u0105 rozumie? Czy w ni\u0105 wierzy? Czy jej naucza? Potem m\u00f3wi: &#8220;<i>trwaj w tym, bo to czyni\u0105c, i samego siebie zbawisz, i tych, kt\u00f3rzy ci\u0119 s\u0142uchaj\u0105<\/i>&#8220;. S\u0142owo &#8220;zbawisz&#8221; u\u017cyte tutaj odnosi si\u0119 do obecnego wybawienia z mocy grzechu (Mt 1,21; Rz 5,10; Hbr 7,25; Flp 2,12-13).<\/p><p>Pawe\u0142 podkre\u015bla tutaj wag\u0119 doktryny zar\u00f3wno dla indywidualnego chrze\u015bcija\u0144stwa jak i dla ka\u017cdego, komu s\u0142u\u017cy\u0142. To w\u0142a\u015bnie jest tematem mojej ksi\u0105\u017cki. Studiowali\u015bmy wiele doktryn biblijnych dla w\u0142asnej korzy\u015bci, a tak\u017ce podkre\u015blali\u015bmy znaczenie nauczania doktryn innych ludzi. Jednak\u017ce powtarza\u0142em wiele razy, \u017ce uczenie si\u0119 i rozumienie czego\u015b nie wystarczy, potrzebne jest zastosowanie.<\/p><p>Jakie jest wi\u0119c zastosowanie nauczania tej ksi\u0105\u017cki dla ciebie i dla mnie? Co teraz zrobimy z tym, co wiemy? S\u0105 dwie odpowiedzi na to pytanie.<\/p><p>Po pierwsze, musimy by\u0107 zdecydowani, \u017ce chcemy studiowa\u0107 doktryny biblijne po to, by odkry\u0107 je nowo. My\u015bl\u0119, \u017ce wszyscy wierz\u0105cy powinni powzi\u0105\u0107 takie postanowienie, zar\u00f3wno m\u0142odzi w wierze, jak i bardziej do\u015bwiadczeni. Je\u015bli to zrobimy, w naszym \u017cyciu powinny zaj\u015b\u0107 nast\u0119puj\u0105ce zmiany: poznamy lepiej Bibli\u0119 i samego Boga, B\u00f3g b\u0119dzie nam b\u0142ogos\u0142awi\u0142 w \u017cyciu i pomo\u017ce nam upora\u0107 si\u0119 z naszymi problemami, a tak\u017ce bardziej b\u0119dziemy w stanie pom\u00f3c innym.<\/p><p>Je\u015bli zdecydowa\u0142e\u015b si\u0119 na ponowne studiowanie doktryn, sugeruj\u0119, aby\u015b po\u015bwi\u0119ci\u0142 im 30-45 minut ka\u017cdego dnia, znalaz\u0142 podr\u0119cznik, kt\u00f3ry ci w tym pomo\u017ce, czyta\u0142 go strona po stronie z Bibli\u0105 w r\u0119ku, sprawdzaj\u0105c ka\u017cdy odno\u015bnik biblijny, prosi\u0142 Boga o jasno\u015b\u0107 umys\u0142u i otwarcie si\u0119 na Jego S\u0142owo, u\u017cywa\u0142 notatnika, aby zapisywa\u0107 g\u0142\u00f3wne my\u015bli &#8211; zobaczysz wtedy, jak bardzo logicznie doktryny uk\u0142adaj\u0105 si\u0119 w jedn\u0105 ca\u0142o\u015b\u0107, i naucza\u0142 doktryn, kt\u00f3re ju\u017c znasz, by ten spos\u00f3b nauczy\u0107 si\u0119 jeszcze wi\u0119cej.<\/p><p>Najwa\u017cniejsze jednak jest zastosowanie doktryn, kt\u00f3re studiujesz w \u017cyciu. To istotne, aby\u015b je rozumia\u0142, ale zdecydowanie wa\u017cniejsze jest, aby to, co rozumiesz, zmienia\u0142o twoje \u017cycie, relacj\u0119 z Bogiem i innymi lud\u017ami.<\/p><p>Pawe\u0142 pisa\u0142 do Tytusa: &#8220;<i>aby we wszystkim byli ozdob\u0105 nauki Zbawiciela naszego, Boga<\/i>&#8221; (Tt 2,10). Pami\u0119taj, \u017ce my cz\u0119sto jeste\u015bmy jedyn\u0105 Bibli\u0105, jak\u0105 niewierz\u0105cy czytaj\u0105!<\/p><p>Po drugie, musimy naucza\u0107 studiowanej doktryny innych. Pawe\u0142 napisa\u0142 do Tytusa: &#8220;<i>ty m\u00f3w, co odpowiada zdrowej nauce<\/i>&#8221; (Tt 2,1). Potem przypomina Tymoteuszowi: &#8220;<i>g\u0142o\u015b s\u0142owo<\/i>\u00a0(&#8230;),\u00a0<i>kar\u0107, grom, napominaj z wszelk\u0105 cierpliwo\u015bci\u0105 i pouczaniem<\/i>&#8221; (2 Tm 4,2).<\/p><p>Wymaga to kilku krok\u00f3w;<\/p><ul><li>musisz widzie\u0107 potrzeb\u0119 nauczania innych ludzi;<\/li><li>musisz s\u0142ysze\u0107 i by\u0107 pos\u0142uszny nakazowi Pa\u0144skiemu, aby by\u0107 cz\u0119\u015bci\u0105 nauczania (Mt 28,20; 1 Tm 4,13);<\/li><li>musisz znale\u017a\u0107 i wykorzysta\u0107 ka\u017cd\u0105 mo\u017cliwo\u015b\u0107, aby naucza\u0107 innych;<\/li><li>musisz dok\u0142adnie stosowa\u0107 doktryny, aby rozumie\u0107 to, co masz przekaza\u0107;<\/li><li>musisz si\u0119 modli\u0107, aby B\u00f3g pom\u00f3g\u0142 im zrozumie\u0107 to, czego nauczasz i aby oni zacz\u0119li to stosowa\u0107 w swoim \u017cyciu.<\/li><\/ul><p>Pan Jezus w J 8,32 powiedzia\u0142: &#8220;<i>I poznacie prawd\u0119, a prawda was wyswobodzi<\/i>&#8220;. Ona tak\u017ce ma moc wyswobodzenia innych, je\u015bli zaczn\u0105 rozumie\u0107 i stosowa\u0107 j\u0105 w \u017cyciu. Gdy\u017c &#8220;<i>to czyni\u0105c, i siebie samego zbawisz, i tych, kt\u00f3rzy ci\u0119 s\u0142uchaj\u0105<\/i>&#8221; (1 Tm 4,16).<\/p><p>Niech B\u00f3g ka\u017cdego z nas uzdolni, aby\u015bmy byli nienagannymi pracownikami (2 Tm 2,15), trzymaj\u0105cymi si\u0119 prawowiernej nauki (Tt 1,9). B\u0105d\u017amy sta\u0142\u0105 ozdob\u0105 nauki dla ka\u017cdego wierz\u0105cego, z kt\u00f3rym si\u0119 spotykamy (Tt 2,10). Amen.<\/p><h4 style=\"text-align: left\">\u00a0<\/h4>\t\t\t\t\t\t\t\t<\/div>\n\t\t\t\t<\/div>\n\t\t\t\t\t<\/div>\n\t\t<\/div>\n\t\t\t\t\t<\/div>\n\t\t<\/section>\n\t\t\t\t<section class=\"elementor-section elementor-top-section elementor-element elementor-element-14f7fab0 elementor-section-full_width elementor-section-height-default elementor-section-height-default\" data-id=\"14f7fab0\" data-element_type=\"section\">\n\t\t\t\t\t\t<div class=\"elementor-container elementor-column-gap-no\">\n\t\t\t\t\t<div class=\"elementor-column elementor-col-100 elementor-top-column elementor-element elementor-element-4d97c2ed\" data-id=\"4d97c2ed\" data-element_type=\"column\">\n\t\t\t<div class=\"elementor-widget-wrap elementor-element-populated\">\n\t\t\t\t\t\t<div class=\"elementor-element elementor-element-7208c832 elementor-nav-menu__align-center elementor-nav-menu__text-align-center elementor-nav-menu--dropdown-tablet elementor-nav-menu--toggle elementor-nav-menu--burger elementor-widget elementor-widget-nav-menu\" data-id=\"7208c832\" data-element_type=\"widget\" data-settings=\"{&quot;submenu_icon&quot;:{&quot;value&quot;:&quot;&lt;i class=\\&quot;\\&quot; aria-hidden=\\&quot;true\\&quot;&gt;&lt;\\\/i&gt;&quot;,&quot;library&quot;:&quot;&quot;},&quot;layout&quot;:&quot;horizontal&quot;,&quot;toggle&quot;:&quot;burger&quot;}\" data-widget_type=\"nav-menu.default\">\n\t\t\t\t<div class=\"elementor-widget-container\">\n\t\t\t\t\t\t\t\t<nav aria-label=\"Menu\" class=\"elementor-nav-menu--main elementor-nav-menu__container elementor-nav-menu--layout-horizontal e--pointer-underline e--animation-none\">\n\t\t\t\t<ul id=\"menu-1-7208c832\" class=\"elementor-nav-menu\"><li class=\"menu-item menu-item-type-post_type menu-item-object-page menu-item-1552\"><a href=\"https:\/\/sites.cru.org\/agapepl\/relacja-z-bogiem\/\" class=\"elementor-item menu-link\">Relacja z Bogiem<\/a><\/li>\n<li class=\"menu-item menu-item-type-post_type menu-item-object-page menu-item-938\"><a href=\"https:\/\/sites.cru.org\/agapepl\/e-trenerzy\/\" class=\"elementor-item menu-link\">Dla e-trener\u00f3w<\/a><\/li>\n<li class=\"menu-item menu-item-type-post_type menu-item-object-page menu-item-4306\"><a href=\"https:\/\/sites.cru.org\/agapepl\/kontakt\/\" class=\"elementor-item menu-link\">kontakt<\/a><\/li>\n<li class=\"menu-item menu-item-type-custom menu-item-object-custom menu-item-1553\"><a href=\"https:\/\/www.facebook.com\/kursyAGAPE\" class=\"elementor-item menu-link\">Jeste\u015bmy na FACEBOOKu<\/a><\/li>\n<li class=\"menu-item menu-item-type-post_type menu-item-object-page menu-item-215\"><a href=\"https:\/\/sites.cru.org\/agapepl\/polityka-prywatnosci\/\" class=\"elementor-item menu-link\">Polityka prywatno\u015bci<\/a><\/li>\n<\/ul>\t\t\t<\/nav>\n\t\t\t\t\t<div class=\"elementor-menu-toggle\" role=\"button\" tabindex=\"0\" aria-label=\"Menu Toggle\" aria-expanded=\"false\">\n\t\t\t<i aria-hidden=\"true\" role=\"presentation\" class=\"elementor-menu-toggle__icon--open eicon-menu-bar\"><\/i><i aria-hidden=\"true\" role=\"presentation\" class=\"elementor-menu-toggle__icon--close eicon-close\"><\/i>\t\t<\/div>\n\t\t\t\t\t<nav class=\"elementor-nav-menu--dropdown elementor-nav-menu__container\" aria-hidden=\"true\">\n\t\t\t\t<ul id=\"menu-2-7208c832\" class=\"elementor-nav-menu\"><li class=\"menu-item menu-item-type-post_type menu-item-object-page menu-item-1552\"><a href=\"https:\/\/sites.cru.org\/agapepl\/relacja-z-bogiem\/\" class=\"elementor-item menu-link\" tabindex=\"-1\">Relacja z Bogiem<\/a><\/li>\n<li class=\"menu-item menu-item-type-post_type menu-item-object-page menu-item-938\"><a href=\"https:\/\/sites.cru.org\/agapepl\/e-trenerzy\/\" class=\"elementor-item menu-link\" tabindex=\"-1\">Dla e-trener\u00f3w<\/a><\/li>\n<li class=\"menu-item menu-item-type-post_type menu-item-object-page menu-item-4306\"><a href=\"https:\/\/sites.cru.org\/agapepl\/kontakt\/\" class=\"elementor-item menu-link\" tabindex=\"-1\">kontakt<\/a><\/li>\n<li class=\"menu-item menu-item-type-custom menu-item-object-custom menu-item-1553\"><a href=\"https:\/\/www.facebook.com\/kursyAGAPE\" class=\"elementor-item menu-link\" tabindex=\"-1\">Jeste\u015bmy na FACEBOOKu<\/a><\/li>\n<li class=\"menu-item menu-item-type-post_type menu-item-object-page menu-item-215\"><a href=\"https:\/\/sites.cru.org\/agapepl\/polityka-prywatnosci\/\" class=\"elementor-item menu-link\" tabindex=\"-1\">Polityka prywatno\u015bci<\/a><\/li>\n<\/ul>\t\t\t<\/nav>\n\t\t\t\t\t\t<\/div>\n\t\t\t\t<\/div>\n\t\t\t\t<div class=\"elementor-element elementor-element-5bad9f1 elementor-widget elementor-widget-global elementor-global-4598 elementor-widget-text-editor\" data-id=\"5bad9f1\" data-element_type=\"widget\" data-widget_type=\"text-editor.default\">\n\t\t\t\t<div class=\"elementor-widget-container\">\n\t\t\t\t\t\t\t\t\t<p style=\"text-align: center\">Copyright \u00a9 2024 <span class=\"s1\">Ruch Chrze\u015bcija\u0144ski Mt28 Wszelkie prawa zastrze\u017cone.<\/span><\/p>\t\t\t\t\t\t\t\t<\/div>\n\t\t\t\t<\/div>\n\t\t\t\t\t<\/div>\n\t\t<\/div>\n\t\t\t\t\t<\/div>\n\t\t<\/section>\n\t\t\t\t<\/div>\n\t\t","protected":false},"excerpt":{"rendered":"<p>POPRZEDNI ROZDZIA\u0141 Pilnuj nauki i samego siebie Pawe\u0142 stale na nowo przypomina Tymoteuszowi o wa\u017cno\u015bci doktryny. W 1 Tm 4,16 zach\u0119ca on Tymoteusza po pierwsze, \u017ceby pilnowa\u0142 siebie. Czy jego \u017cycie jest w porz\u0105dku? Potem, po drugie, prosi go, aby pilnowa\u0142 nauki. Czy j\u0105 rozumie? Czy w ni\u0105 wierzy? Czy jej naucza? Potem m\u00f3wi: &#8220;trwaj [&hellip;]<\/p>\n","protected":false},"author":15074,"featured_media":0,"parent":0,"menu_order":0,"comment_status":"closed","ping_status":"closed","template":"","meta":{"_acf_changed":false,"inline_featured_image":false,"site-sidebar-layout":"default","site-content-layout":"","ast-site-content-layout":"default","site-content-style":"default","site-sidebar-style":"default","ast-global-header-display":"","ast-banner-title-visibility":"","ast-main-header-display":"","ast-hfb-above-header-display":"","ast-hfb-below-header-display":"","ast-hfb-mobile-header-display":"","site-post-title":"","ast-breadcrumbs-content":"","ast-featured-img":"","footer-sml-layout":"","ast-disable-related-posts":"","theme-transparent-header-meta":"","adv-header-id-meta":"","stick-header-meta":"","header-above-stick-meta":"","header-main-stick-meta":"","header-below-stick-meta":"","astra-migrate-meta-layouts":"default","ast-page-background-enabled":"default","ast-page-background-meta":{"desktop":{"background-color":"","background-image":"","background-repeat":"repeat","background-position":"center center","background-size":"auto","background-attachment":"scroll","background-type":"","background-media":"","overlay-type":"","overlay-color":"","overlay-opacity":"","overlay-gradient":""},"tablet":{"background-color":"","background-image":"","background-repeat":"repeat","background-position":"center center","background-size":"auto","background-attachment":"scroll","background-type":"","background-media":"","overlay-type":"","overlay-color":"","overlay-opacity":"","overlay-gradient":""},"mobile":{"background-color":"","background-image":"","background-repeat":"repeat","background-position":"center center","background-size":"auto","background-attachment":"scroll","background-type":"","background-media":"","overlay-type":"","overlay-color":"","overlay-opacity":"","overlay-gradient":""}},"ast-content-background-meta":{"desktop":{"background-color":"var(--ast-global-color-5)","background-image":"","background-repeat":"repeat","background-position":"center center","background-size":"auto","background-attachment":"scroll","background-type":"","background-media":"","overlay-type":"","overlay-color":"","overlay-opacity":"","overlay-gradient":""},"tablet":{"background-color":"var(--ast-global-color-5)","background-image":"","background-repeat":"repeat","background-position":"center center","background-size":"auto","background-attachment":"scroll","background-type":"","background-media":"","overlay-type":"","overlay-color":"","overlay-opacity":"","overlay-gradient":""},"mobile":{"background-color":"var(--ast-global-color-5)","background-image":"","background-repeat":"repeat","background-position":"center center","background-size":"auto","background-attachment":"scroll","background-type":"","background-media":"","overlay-type":"","overlay-color":"","overlay-opacity":"","overlay-gradient":""}},"footnotes":""},"class_list":["post-291","page","type-page","status-publish","hentry"],"acf":[],"jetpack_sharing_enabled":true,"meta_box":{"_cloudsearch_visibility":""},"_links":{"self":[{"href":"https:\/\/sites.cru.org\/agapepl\/wp-json\/wp\/v2\/pages\/291","targetHints":{"allow":["GET"]}}],"collection":[{"href":"https:\/\/sites.cru.org\/agapepl\/wp-json\/wp\/v2\/pages"}],"about":[{"href":"https:\/\/sites.cru.org\/agapepl\/wp-json\/wp\/v2\/types\/page"}],"author":[{"embeddable":true,"href":"https:\/\/sites.cru.org\/agapepl\/wp-json\/wp\/v2\/users\/15074"}],"replies":[{"embeddable":true,"href":"https:\/\/sites.cru.org\/agapepl\/wp-json\/wp\/v2\/comments?post=291"}],"version-history":[{"count":36,"href":"https:\/\/sites.cru.org\/agapepl\/wp-json\/wp\/v2\/pages\/291\/revisions"}],"predecessor-version":[{"id":8713,"href":"https:\/\/sites.cru.org\/agapepl\/wp-json\/wp\/v2\/pages\/291\/revisions\/8713"}],"wp:attachment":[{"href":"https:\/\/sites.cru.org\/agapepl\/wp-json\/wp\/v2\/media?parent=291"}],"curies":[{"name":"wp","href":"https:\/\/api.w.org\/{rel}","templated":true}]}}