{"id":36,"date":"2019-03-14T20:45:02","date_gmt":"2019-03-14T19:45:02","guid":{"rendered":"https:\/\/sites.cru.org\/agapepl\/?page_id=36"},"modified":"2023-03-15T23:07:56","modified_gmt":"2023-03-15T22:07:56","slug":"polityka-prywatnosci","status":"publish","type":"page","link":"https:\/\/sites.cru.org\/agapepl\/polityka-prywatnosci\/","title":{"rendered":"Polityka prywatno\u015bci"},"content":{"rendered":"\t\t<div data-elementor-type=\"wp-page\" data-elementor-id=\"36\" class=\"elementor elementor-36\" data-elementor-post-type=\"page\">\n\t\t\t\t\t\t<header class=\"elementor-section elementor-top-section elementor-element elementor-element-7ec88ae6 elementor-section-content-middle elementor-section-height-min-height elementor-section-full_width elementor-section-height-default elementor-section-items-middle\" data-id=\"7ec88ae6\" data-element_type=\"section\" data-settings=\"{&quot;background_background&quot;:&quot;classic&quot;}\">\n\t\t\t\t\t\t<div class=\"elementor-container elementor-column-gap-no\">\n\t\t\t\t\t<div class=\"elementor-column elementor-col-100 elementor-top-column elementor-element elementor-element-77522f6\" data-id=\"77522f6\" data-element_type=\"column\">\n\t\t\t<div class=\"elementor-widget-wrap elementor-element-populated\">\n\t\t\t\t\t\t<section class=\"elementor-section elementor-inner-section elementor-element elementor-element-55ba9e76 elementor-section-full_width elementor-section-content-middle elementor-section-height-default elementor-section-height-default\" data-id=\"55ba9e76\" data-element_type=\"section\">\n\t\t\t\t\t\t<div class=\"elementor-container elementor-column-gap-default\">\n\t\t\t\t\t<div class=\"elementor-column elementor-col-50 elementor-inner-column elementor-element elementor-element-244bf778\" data-id=\"244bf778\" data-element_type=\"column\">\n\t\t\t<div class=\"elementor-widget-wrap elementor-element-populated\">\n\t\t\t\t\t\t<div class=\"elementor-element elementor-element-29224f0b elementor-nav-menu__align-justify elementor-nav-menu--dropdown-mobile elementor-nav-menu--stretch elementor-nav-menu__text-align-center elementor-nav-menu--toggle elementor-nav-menu--burger elementor-widget elementor-widget-global elementor-global-3611 elementor-widget-nav-menu\" data-id=\"29224f0b\" data-element_type=\"widget\" data-settings=\"{&quot;submenu_icon&quot;:{&quot;value&quot;:&quot;fas e-plus-icon&quot;,&quot;library&quot;:&quot;&quot;},&quot;full_width&quot;:&quot;stretch&quot;,&quot;sticky&quot;:&quot;top&quot;,&quot;_animation_mobile&quot;:&quot;none&quot;,&quot;sticky_parent&quot;:&quot;yes&quot;,&quot;layout&quot;:&quot;horizontal&quot;,&quot;toggle&quot;:&quot;burger&quot;,&quot;sticky_on&quot;:[&quot;desktop&quot;,&quot;tablet&quot;,&quot;mobile&quot;],&quot;sticky_offset&quot;:0,&quot;sticky_effects_offset&quot;:0,&quot;sticky_anchor_link_offset&quot;:0}\" data-widget_type=\"nav-menu.default\">\n\t\t\t\t<div class=\"elementor-widget-container\">\n\t\t\t\t\t\t\t\t<nav aria-label=\"Menu\" class=\"elementor-nav-menu--main elementor-nav-menu__container elementor-nav-menu--layout-horizontal e--pointer-overline e--animation-grow\">\n\t\t\t\t<ul id=\"menu-1-29224f0b\" class=\"elementor-nav-menu\"><li class=\"menu-item menu-item-type-post_type menu-item-object-page menu-item-home menu-item-7829\"><a href=\"https:\/\/sites.cru.org\/agapepl\/\" class=\"elementor-item menu-link\">strona g\u0142\u00f3wna<\/a><\/li>\n<li class=\"menu-item menu-item-type-post_type menu-item-object-page menu-item-has-children menu-item-1987\"><a aria-expanded=\"false\" href=\"https:\/\/sites.cru.org\/agapepl\/relacja-z-bogiem\/\" class=\"elementor-item menu-link\">Relacja z Bogiem<\/a>\n<ul class=\"sub-menu elementor-nav-menu--dropdown\">\n\t<li class=\"menu-item menu-item-type-post_type menu-item-object-page menu-item-2038\"><a href=\"https:\/\/sites.cru.org\/agapepl\/relacja-z-bogiem\/\" class=\"elementor-sub-item menu-link\">Relacja z Bogiem<\/a><\/li>\n\t<li class=\"menu-item menu-item-type-post_type menu-item-object-page menu-item-1260\"><a href=\"https:\/\/sites.cru.org\/agapepl\/spadajace-talerze\/\" class=\"elementor-sub-item menu-link\">Film Spadaj\u0105ce Talerze<\/a><\/li>\n<\/ul>\n<\/li>\n<li class=\"menu-item menu-item-type-post_type menu-item-object-page menu-item-4158\"><a href=\"https:\/\/sites.cru.org\/agapepl\/ksb\/onas\/\" class=\"elementor-item menu-link\">o nas<\/a><\/li>\n<li class=\"menu-item menu-item-type-post_type menu-item-object-page menu-item-1977\"><a href=\"https:\/\/sites.cru.org\/agapepl\/etrenerzy\/\" class=\"elementor-item menu-link\">E-trenerzy<\/a><\/li>\n<li class=\"menu-item menu-item-type-post_type menu-item-object-page menu-item-186\"><a href=\"https:\/\/sites.cru.org\/agapepl\/kontakt\/\" class=\"elementor-item menu-link\">KONTAKT<\/a><\/li>\n<li class=\"menu-item menu-item-type-post_type menu-item-object-page menu-item-has-children menu-item-29\"><a aria-expanded=\"false\" href=\"https:\/\/sites.cru.org\/agapepl\/ksb\/biblioteka\/\" class=\"elementor-item menu-link\">MATERIA\u0141Y DODATKOWE<\/a>\n<ul class=\"sub-menu elementor-nav-menu--dropdown\">\n\t<li class=\"menu-item menu-item-type-post_type menu-item-object-page menu-item-2041\"><a href=\"https:\/\/sites.cru.org\/agapepl\/ksb\/biblioteka\/\" class=\"elementor-sub-item menu-link\">materia\u0142y dodatkowe<\/a><\/li>\n\t<li class=\"menu-item menu-item-type-post_type menu-item-object-page menu-item-1140\"><a href=\"https:\/\/sites.cru.org\/agapepl\/quizy\/\" class=\"elementor-sub-item menu-link\">Quizy<\/a><\/li>\n\t<li class=\"menu-item menu-item-type-post_type menu-item-object-page menu-item-1094\"><a href=\"https:\/\/sites.cru.org\/agapepl\/tapety\/\" class=\"elementor-sub-item menu-link\">TAPETY NA TELEFON<\/a><\/li>\n\t<li class=\"menu-item menu-item-type-post_type menu-item-object-page menu-item-1095\"><a href=\"https:\/\/sites.cru.org\/agapepl\/pulpit\/\" class=\"elementor-sub-item menu-link\">TAPETY NA PULPIT<\/a><\/li>\n<\/ul>\n<\/li>\n<\/ul>\t\t\t<\/nav>\n\t\t\t\t\t<div class=\"elementor-menu-toggle\" role=\"button\" tabindex=\"0\" aria-label=\"Menu Toggle\" aria-expanded=\"false\">\n\t\t\t<i aria-hidden=\"true\" role=\"presentation\" class=\"elementor-menu-toggle__icon--open eicon-menu-bar\"><\/i><i aria-hidden=\"true\" role=\"presentation\" class=\"elementor-menu-toggle__icon--close eicon-close\"><\/i>\t\t<\/div>\n\t\t\t\t\t<nav class=\"elementor-nav-menu--dropdown elementor-nav-menu__container\" aria-hidden=\"true\">\n\t\t\t\t<ul id=\"menu-2-29224f0b\" class=\"elementor-nav-menu\"><li class=\"menu-item menu-item-type-post_type menu-item-object-page menu-item-home menu-item-7829\"><a href=\"https:\/\/sites.cru.org\/agapepl\/\" class=\"elementor-item menu-link\" tabindex=\"-1\">strona g\u0142\u00f3wna<\/a><\/li>\n<li class=\"menu-item menu-item-type-post_type menu-item-object-page menu-item-has-children menu-item-1987\"><a aria-expanded=\"false\" href=\"https:\/\/sites.cru.org\/agapepl\/relacja-z-bogiem\/\" class=\"elementor-item menu-link\" tabindex=\"-1\">Relacja z Bogiem<\/a>\n<ul class=\"sub-menu elementor-nav-menu--dropdown\">\n\t<li class=\"menu-item menu-item-type-post_type menu-item-object-page menu-item-2038\"><a href=\"https:\/\/sites.cru.org\/agapepl\/relacja-z-bogiem\/\" class=\"elementor-sub-item menu-link\" tabindex=\"-1\">Relacja z Bogiem<\/a><\/li>\n\t<li class=\"menu-item menu-item-type-post_type menu-item-object-page menu-item-1260\"><a href=\"https:\/\/sites.cru.org\/agapepl\/spadajace-talerze\/\" class=\"elementor-sub-item menu-link\" tabindex=\"-1\">Film Spadaj\u0105ce Talerze<\/a><\/li>\n<\/ul>\n<\/li>\n<li class=\"menu-item menu-item-type-post_type menu-item-object-page menu-item-4158\"><a href=\"https:\/\/sites.cru.org\/agapepl\/ksb\/onas\/\" class=\"elementor-item menu-link\" tabindex=\"-1\">o nas<\/a><\/li>\n<li class=\"menu-item menu-item-type-post_type menu-item-object-page menu-item-1977\"><a href=\"https:\/\/sites.cru.org\/agapepl\/etrenerzy\/\" class=\"elementor-item menu-link\" tabindex=\"-1\">E-trenerzy<\/a><\/li>\n<li class=\"menu-item menu-item-type-post_type menu-item-object-page menu-item-186\"><a href=\"https:\/\/sites.cru.org\/agapepl\/kontakt\/\" class=\"elementor-item menu-link\" tabindex=\"-1\">KONTAKT<\/a><\/li>\n<li class=\"menu-item menu-item-type-post_type menu-item-object-page menu-item-has-children menu-item-29\"><a aria-expanded=\"false\" href=\"https:\/\/sites.cru.org\/agapepl\/ksb\/biblioteka\/\" class=\"elementor-item menu-link\" tabindex=\"-1\">MATERIA\u0141Y DODATKOWE<\/a>\n<ul class=\"sub-menu elementor-nav-menu--dropdown\">\n\t<li class=\"menu-item menu-item-type-post_type menu-item-object-page menu-item-2041\"><a href=\"https:\/\/sites.cru.org\/agapepl\/ksb\/biblioteka\/\" class=\"elementor-sub-item menu-link\" tabindex=\"-1\">materia\u0142y dodatkowe<\/a><\/li>\n\t<li class=\"menu-item menu-item-type-post_type menu-item-object-page menu-item-1140\"><a href=\"https:\/\/sites.cru.org\/agapepl\/quizy\/\" class=\"elementor-sub-item menu-link\" tabindex=\"-1\">Quizy<\/a><\/li>\n\t<li class=\"menu-item menu-item-type-post_type menu-item-object-page menu-item-1094\"><a href=\"https:\/\/sites.cru.org\/agapepl\/tapety\/\" class=\"elementor-sub-item menu-link\" tabindex=\"-1\">TAPETY NA TELEFON<\/a><\/li>\n\t<li class=\"menu-item menu-item-type-post_type menu-item-object-page menu-item-1095\"><a href=\"https:\/\/sites.cru.org\/agapepl\/pulpit\/\" class=\"elementor-sub-item menu-link\" tabindex=\"-1\">TAPETY NA PULPIT<\/a><\/li>\n<\/ul>\n<\/li>\n<\/ul>\t\t\t<\/nav>\n\t\t\t\t\t\t<\/div>\n\t\t\t\t<\/div>\n\t\t\t\t\t<\/div>\n\t\t<\/div>\n\t\t\t\t<div class=\"elementor-column elementor-col-50 elementor-inner-column elementor-element elementor-element-c5d4971\" data-id=\"c5d4971\" data-element_type=\"column\">\n\t\t\t<div class=\"elementor-widget-wrap elementor-element-populated\">\n\t\t\t\t\t\t<div class=\"elementor-element elementor-element-67c44573 elementor-hidden-phone elementor-widget__width-auto elementor-absolute elementor-widget elementor-widget-global elementor-global-3614 elementor-widget-image\" data-id=\"67c44573\" data-element_type=\"widget\" data-settings=\"{&quot;_position&quot;:&quot;absolute&quot;,&quot;_animation&quot;:&quot;none&quot;}\" data-widget_type=\"image.default\">\n\t\t\t\t<div class=\"elementor-widget-container\">\n\t\t\t\t\t\t\t\t\t\t\t\t\t\t\t<img decoding=\"async\" src=\"https:\/\/sites.cru.org\/agapepl\/wp-content\/uploads\/sites\/140\/2021\/06\/zdopiskiem.png?w=300\" title=\"zdopiskiem\" alt=\"zdopiskiem\" loading=\"lazy\" \/>\t\t\t\t\t\t\t\t\t\t\t\t\t\t\t<\/div>\n\t\t\t\t<\/div>\n\t\t\t\t\t<\/div>\n\t\t<\/div>\n\t\t\t\t\t<\/div>\n\t\t<\/section>\n\t\t\t\t<div class=\"elementor-element elementor-element-77a6565c elementor-widget elementor-widget-image\" data-id=\"77a6565c\" data-element_type=\"widget\" data-widget_type=\"image.default\">\n\t\t\t\t<div class=\"elementor-widget-container\">\n\t\t\t\t\t\t\t\t\t\t\t\t\t\t\t\t<a href=\"https:\/\/www.agape.pl\">\n\t\t\t\t\t\t\t<img fetchpriority=\"high\" decoding=\"async\" width=\"1100\" height=\"293\" src=\"https:\/\/sites.cru.org\/agapepl\/wp-content\/uploads\/sites\/140\/2021\/06\/2-1.jpg\" class=\"attachment-full size-full wp-image-3586\" alt=\"\" srcset=\"https:\/\/sites.cru.org\/agapepl\/wp-content\/uploads\/sites\/140\/2021\/06\/2-1.jpg 1688w, https:\/\/sites.cru.org\/agapepl\/wp-content\/uploads\/sites\/140\/2021\/06\/2-1.jpg?resize=300,80 300w, https:\/\/sites.cru.org\/agapepl\/wp-content\/uploads\/sites\/140\/2021\/06\/2-1.jpg?resize=768,205 768w, https:\/\/sites.cru.org\/agapepl\/wp-content\/uploads\/sites\/140\/2021\/06\/2-1.jpg?resize=1024,273 1024w, https:\/\/sites.cru.org\/agapepl\/wp-content\/uploads\/sites\/140\/2021\/06\/2-1.jpg?resize=1536,409 1536w\" sizes=\"(max-width: 1100px) 100vw, 1100px\" \/>\t\t\t\t\t\t\t\t<\/a>\n\t\t\t\t\t\t\t\t\t\t\t\t\t\t\t<\/div>\n\t\t\t\t<\/div>\n\t\t\t\t\t<\/div>\n\t\t<\/div>\n\t\t\t\t\t<\/div>\n\t\t<\/header>\n\t\t\t\t<section class=\"elementor-section elementor-top-section elementor-element elementor-element-3f035110 elementor-section-boxed elementor-section-height-default elementor-section-height-default\" data-id=\"3f035110\" data-element_type=\"section\">\n\t\t\t\t\t\t<div class=\"elementor-container elementor-column-gap-no\">\n\t\t\t\t\t<div class=\"elementor-column elementor-col-100 elementor-top-column elementor-element elementor-element-3ee5046e\" data-id=\"3ee5046e\" data-element_type=\"column\">\n\t\t\t<div class=\"elementor-widget-wrap elementor-element-populated\">\n\t\t\t\t\t\t<section class=\"elementor-section elementor-inner-section elementor-element elementor-element-4af7ddde elementor-section-full_width elementor-section-height-default elementor-section-height-default\" data-id=\"4af7ddde\" data-element_type=\"section\">\n\t\t\t\t\t\t<div class=\"elementor-container elementor-column-gap-no\">\n\t\t\t\t\t<div class=\"elementor-column elementor-col-100 elementor-inner-column elementor-element elementor-element-68ed519f\" data-id=\"68ed519f\" data-element_type=\"column\">\n\t\t\t<div class=\"elementor-widget-wrap elementor-element-populated\">\n\t\t\t\t\t\t<div class=\"elementor-element elementor-element-7902838 elementor-widget elementor-widget-text-editor\" data-id=\"7902838\" data-element_type=\"widget\" data-widget_type=\"text-editor.default\">\n\t\t\t\t<div class=\"elementor-widget-container\">\n\t\t\t\t\t\t\t\t\t<p>AGAPE.PL w tym strona internetowa www.agape.pl jest zarz\u0105dzana i koordynowana przez Ruch Chrze\u015bcija\u0144ski Mt28. Jest to mi\u0119dzywyznaniowa organizacja, wsp\u00f3\u0142pracuj\u0105ca z wieloma wyznaniami i grupami chrze\u015bcija\u0144skimi na ca\u0142ym \u015bwiecie. Jej celem jest pomoc w nawi\u0105zaniu osobistej relacji Jezusem Chrystusem.<\/p><p>Dzi\u0119ki kursom oferowanym przez AGAPE.PL mo\u017cesz znale\u017a\u0107 odpowiedzi na pytania dotycz\u0105ce tego, kim jest B\u00f3g i jak mo\u017cna Go osobi\u015bcie pozna\u0107.<\/p><p>Tutaj znajdziesz szczeg\u00f3\u0142ow\u0105, oficjaln\u0105 <a href=\"https:\/\/www.mt28.pl\/ruch-chrzescijanski-mt28\/polityka-prywatnosci-mt28.html\" target=\"_blank\" rel=\"noopener noreferrer\">Polityk\u0119 Prywatno\u015bci Mt28<\/a>. Obejmuje ona wiele r\u00f3\u017cnych cz\u0119\u015bci organizacji i jest bardziej obszerna i z\u0142o\u017cona ni\u017c to, co by\u0142oby potrzebne do opisania wy\u0142\u0105cznie AGAPE.PL<\/p><p>Spe\u0142niaj\u0105c wynikaj\u0105cy z przepis\u00f3w obowi\u0105zek, mi\u0119dzy innymi informujemy na wy\u017cej podanej stronie, \u017ce:<\/p><p>1. Administratorem Twoich danych osobowych jest Ruch Chrze\u015bcija\u0144ski Mt28 z siedzib\u0105 w Warszawie, ul. Polnej R\u00f3\u017cy 1c<\/p><p>2. W sprawach zwi\u0105zanych z Twoimi danymi prosz\u0119 kontaktuj si\u0119 z osob\u0105 odpowiedzialn\u0105 za ochron\u0119 danych, e-mail: politykaprywatnosci@mt28.pl<\/p><p>3. Dane b\u0119d\u0105 przetwarzane jedynie w celu zam\u00f3wionym, czyli odpowiedzi na pytania oraz uczestnictwo w kursach poprzez internet, na kt\u00f3re u\u017cytkownicy zapisuj\u0105 si\u0119 dobrowolnie.<\/p><p>4. Masz prawo dost\u0119pu do swoich danych osobowych, ich sprostowania, usuni\u0119cia lub ograniczenia przetwarzania.<\/p><p>Powa\u017cnie traktujemy nowe przepisy, tak jak poprzednio obowi\u0105zuj\u0105ce regulacje. Nigdy nie wykorzystujemy Twoich danych w innych celach ni\u017c zam\u00f3wionych.<\/p><p>Mamy nadziej\u0119, \u017ce rozwa\u017cysz mo\u017cliwo\u015b\u0107 poznania Boga i Jego mi\u0142o\u015bci do ciebie. Wierzymy, \u017ce \u017cadna inna relacja nie zaspakaja ca\u0142kowicie t\u0119sknoty ludzkiego serca i umys\u0142u.<\/p>\t\t\t\t\t\t\t\t<\/div>\n\t\t\t\t<\/div>\n\t\t\t\t\t<\/div>\n\t\t<\/div>\n\t\t\t\t\t<\/div>\n\t\t<\/section>\n\t\t\t\t\t<\/div>\n\t\t<\/div>\n\t\t\t\t\t<\/div>\n\t\t<\/section>\n\t\t\t\t<section class=\"elementor-section elementor-top-section elementor-element elementor-element-42cfca96 elementor-section-full_width elementor-section-height-default elementor-section-height-default\" data-id=\"42cfca96\" data-element_type=\"section\">\n\t\t\t\t\t\t<div class=\"elementor-container elementor-column-gap-no\">\n\t\t\t\t\t<div class=\"elementor-column elementor-col-100 elementor-top-column elementor-element elementor-element-6bdc7f5c\" data-id=\"6bdc7f5c\" data-element_type=\"column\">\n\t\t\t<div class=\"elementor-widget-wrap elementor-element-populated\">\n\t\t\t\t\t\t<div class=\"elementor-element elementor-element-8cae666 elementor-nav-menu__align-center elementor-nav-menu__text-align-center elementor-nav-menu--dropdown-tablet elementor-nav-menu--toggle elementor-nav-menu--burger elementor-widget elementor-widget-nav-menu\" data-id=\"8cae666\" data-element_type=\"widget\" data-settings=\"{&quot;submenu_icon&quot;:{&quot;value&quot;:&quot;&lt;i class=\\&quot;\\&quot; aria-hidden=\\&quot;true\\&quot;&gt;&lt;\\\/i&gt;&quot;,&quot;library&quot;:&quot;&quot;},&quot;layout&quot;:&quot;horizontal&quot;,&quot;toggle&quot;:&quot;burger&quot;}\" data-widget_type=\"nav-menu.default\">\n\t\t\t\t<div class=\"elementor-widget-container\">\n\t\t\t\t\t\t\t\t<nav aria-label=\"Menu\" class=\"elementor-nav-menu--main elementor-nav-menu__container elementor-nav-menu--layout-horizontal e--pointer-underline e--animation-none\">\n\t\t\t\t<ul id=\"menu-1-8cae666\" class=\"elementor-nav-menu\"><li class=\"menu-item menu-item-type-post_type menu-item-object-page menu-item-1552\"><a href=\"https:\/\/sites.cru.org\/agapepl\/relacja-z-bogiem\/\" class=\"elementor-item menu-link\">Relacja z Bogiem<\/a><\/li>\n<li class=\"menu-item menu-item-type-post_type menu-item-object-page menu-item-938\"><a href=\"https:\/\/sites.cru.org\/agapepl\/e-trenerzy\/\" class=\"elementor-item menu-link\">Dla e-trener\u00f3w<\/a><\/li>\n<li class=\"menu-item menu-item-type-post_type menu-item-object-page menu-item-4306\"><a href=\"https:\/\/sites.cru.org\/agapepl\/kontakt\/\" class=\"elementor-item menu-link\">kontakt<\/a><\/li>\n<li class=\"menu-item menu-item-type-custom menu-item-object-custom menu-item-1553\"><a href=\"https:\/\/www.facebook.com\/kursyAGAPE\" class=\"elementor-item menu-link\">Jeste\u015bmy na FACEBOOKu<\/a><\/li>\n<li class=\"menu-item menu-item-type-post_type menu-item-object-page menu-item-215\"><a href=\"https:\/\/sites.cru.org\/agapepl\/polityka-prywatnosci\/\" class=\"elementor-item menu-link\">Polityka prywatno\u015bci<\/a><\/li>\n<\/ul>\t\t\t<\/nav>\n\t\t\t\t\t<div class=\"elementor-menu-toggle\" role=\"button\" tabindex=\"0\" aria-label=\"Menu Toggle\" aria-expanded=\"false\">\n\t\t\t<i aria-hidden=\"true\" role=\"presentation\" class=\"elementor-menu-toggle__icon--open eicon-menu-bar\"><\/i><i aria-hidden=\"true\" role=\"presentation\" class=\"elementor-menu-toggle__icon--close eicon-close\"><\/i>\t\t<\/div>\n\t\t\t\t\t<nav class=\"elementor-nav-menu--dropdown elementor-nav-menu__container\" aria-hidden=\"true\">\n\t\t\t\t<ul id=\"menu-2-8cae666\" class=\"elementor-nav-menu\"><li class=\"menu-item menu-item-type-post_type menu-item-object-page menu-item-1552\"><a href=\"https:\/\/sites.cru.org\/agapepl\/relacja-z-bogiem\/\" class=\"elementor-item menu-link\" tabindex=\"-1\">Relacja z Bogiem<\/a><\/li>\n<li class=\"menu-item menu-item-type-post_type menu-item-object-page menu-item-938\"><a href=\"https:\/\/sites.cru.org\/agapepl\/e-trenerzy\/\" class=\"elementor-item menu-link\" tabindex=\"-1\">Dla e-trener\u00f3w<\/a><\/li>\n<li class=\"menu-item menu-item-type-post_type menu-item-object-page menu-item-4306\"><a href=\"https:\/\/sites.cru.org\/agapepl\/kontakt\/\" class=\"elementor-item menu-link\" tabindex=\"-1\">kontakt<\/a><\/li>\n<li class=\"menu-item menu-item-type-custom menu-item-object-custom menu-item-1553\"><a href=\"https:\/\/www.facebook.com\/kursyAGAPE\" class=\"elementor-item menu-link\" tabindex=\"-1\">Jeste\u015bmy na FACEBOOKu<\/a><\/li>\n<li class=\"menu-item menu-item-type-post_type menu-item-object-page menu-item-215\"><a href=\"https:\/\/sites.cru.org\/agapepl\/polityka-prywatnosci\/\" class=\"elementor-item menu-link\" tabindex=\"-1\">Polityka prywatno\u015bci<\/a><\/li>\n<\/ul>\t\t\t<\/nav>\n\t\t\t\t\t\t<\/div>\n\t\t\t\t<\/div>\n\t\t\t\t<div class=\"elementor-element elementor-element-23041157 elementor-widget elementor-widget-global elementor-global-4598 elementor-widget-text-editor\" data-id=\"23041157\" data-element_type=\"widget\" data-widget_type=\"text-editor.default\">\n\t\t\t\t<div class=\"elementor-widget-container\">\n\t\t\t\t\t\t\t\t\t<p style=\"text-align: center\">Copyright \u00a9 2024 <span class=\"s1\">Ruch Chrze\u015bcija\u0144ski Mt28 Wszelkie prawa zastrze\u017cone.<\/span><\/p>\t\t\t\t\t\t\t\t<\/div>\n\t\t\t\t<\/div>\n\t\t\t\t\t<\/div>\n\t\t<\/div>\n\t\t\t\t\t<\/div>\n\t\t<\/section>\n\t\t\t\t<\/div>\n\t\t","protected":false},"excerpt":{"rendered":"<p>AGAPE.PL w tym strona internetowa www.agape.pl jest zarz\u0105dzana i koordynowana przez Ruch Chrze\u015bcija\u0144ski Mt28. Jest to mi\u0119dzywyznaniowa organizacja, wsp\u00f3\u0142pracuj\u0105ca z wieloma wyznaniami i grupami chrze\u015bcija\u0144skimi na ca\u0142ym \u015bwiecie. Jej celem jest pomoc w nawi\u0105zaniu osobistej relacji Jezusem Chrystusem. Dzi\u0119ki kursom oferowanym przez AGAPE.PL mo\u017cesz znale\u017a\u0107 odpowiedzi na pytania dotycz\u0105ce tego, kim jest B\u00f3g i jak [&hellip;]<\/p>\n","protected":false},"author":15074,"featured_media":0,"parent":0,"menu_order":0,"comment_status":"closed","ping_status":"closed","template":"","meta":{"_acf_changed":false,"inline_featured_image":false,"site-sidebar-layout":"default","site-content-layout":"","ast-site-content-layout":"default","site-content-style":"default","site-sidebar-style":"default","ast-global-header-display":"","ast-banner-title-visibility":"","ast-main-header-display":"","ast-hfb-above-header-display":"","ast-hfb-below-header-display":"","ast-hfb-mobile-header-display":"","site-post-title":"","ast-breadcrumbs-content":"","ast-featured-img":"","footer-sml-layout":"","ast-disable-related-posts":"","theme-transparent-header-meta":"","adv-header-id-meta":"","stick-header-meta":"","header-above-stick-meta":"","header-main-stick-meta":"","header-below-stick-meta":"","astra-migrate-meta-layouts":"default","ast-page-background-enabled":"default","ast-page-background-meta":{"desktop":{"background-color":"","background-image":"","background-repeat":"repeat","background-position":"center center","background-size":"auto","background-attachment":"scroll","background-type":"","background-media":"","overlay-type":"","overlay-color":"","overlay-opacity":"","overlay-gradient":""},"tablet":{"background-color":"","background-image":"","background-repeat":"repeat","background-position":"center center","background-size":"auto","background-attachment":"scroll","background-type":"","background-media":"","overlay-type":"","overlay-color":"","overlay-opacity":"","overlay-gradient":""},"mobile":{"background-color":"","background-image":"","background-repeat":"repeat","background-position":"center center","background-size":"auto","background-attachment":"scroll","background-type":"","background-media":"","overlay-type":"","overlay-color":"","overlay-opacity":"","overlay-gradient":""}},"ast-content-background-meta":{"desktop":{"background-color":"var(--ast-global-color-5)","background-image":"","background-repeat":"repeat","background-position":"center center","background-size":"auto","background-attachment":"scroll","background-type":"","background-media":"","overlay-type":"","overlay-color":"","overlay-opacity":"","overlay-gradient":""},"tablet":{"background-color":"var(--ast-global-color-5)","background-image":"","background-repeat":"repeat","background-position":"center center","background-size":"auto","background-attachment":"scroll","background-type":"","background-media":"","overlay-type":"","overlay-color":"","overlay-opacity":"","overlay-gradient":""},"mobile":{"background-color":"var(--ast-global-color-5)","background-image":"","background-repeat":"repeat","background-position":"center center","background-size":"auto","background-attachment":"scroll","background-type":"","background-media":"","overlay-type":"","overlay-color":"","overlay-opacity":"","overlay-gradient":""}},"footnotes":""},"class_list":["post-36","page","type-page","status-publish","hentry"],"acf":[],"jetpack_sharing_enabled":true,"meta_box":{"_cloudsearch_visibility":""},"_links":{"self":[{"href":"https:\/\/sites.cru.org\/agapepl\/wp-json\/wp\/v2\/pages\/36","targetHints":{"allow":["GET"]}}],"collection":[{"href":"https:\/\/sites.cru.org\/agapepl\/wp-json\/wp\/v2\/pages"}],"about":[{"href":"https:\/\/sites.cru.org\/agapepl\/wp-json\/wp\/v2\/types\/page"}],"author":[{"embeddable":true,"href":"https:\/\/sites.cru.org\/agapepl\/wp-json\/wp\/v2\/users\/15074"}],"replies":[{"embeddable":true,"href":"https:\/\/sites.cru.org\/agapepl\/wp-json\/wp\/v2\/comments?post=36"}],"version-history":[{"count":66,"href":"https:\/\/sites.cru.org\/agapepl\/wp-json\/wp\/v2\/pages\/36\/revisions"}],"predecessor-version":[{"id":8683,"href":"https:\/\/sites.cru.org\/agapepl\/wp-json\/wp\/v2\/pages\/36\/revisions\/8683"}],"wp:attachment":[{"href":"https:\/\/sites.cru.org\/agapepl\/wp-json\/wp\/v2\/media?parent=36"}],"curies":[{"name":"wp","href":"https:\/\/api.w.org\/{rel}","templated":true}]}}