{"id":523,"date":"2020-02-24T21:57:51","date_gmt":"2020-02-24T20:57:51","guid":{"rendered":"https:\/\/sites.cru.org\/agapepl\/?page_id=523"},"modified":"2021-02-26T12:35:43","modified_gmt":"2021-02-26T11:35:43","slug":"krakow","status":"publish","type":"page","link":"https:\/\/sites.cru.org\/agapepl\/krakow\/","title":{"rendered":"Studenci &#8211; Krak\u00f3w"},"content":{"rendered":"<h1 style=\"text-align: center\">KURS: SPOTKANIE &gt; PRZE\u0141OM &gt; WIARA *<\/h1>\n<h1 style=\"text-align: center\"><strong>Cze\u015b\u0107! Cieszymy si\u0119, \u017ce do nas zajrza\u0142e\u015b!<\/strong><\/h1>\n<p>&nbsp;<\/p>\n<ul style=\"text-align: center\">\n<li style=\"text-align: left\">W jaki spos\u00f3b Jezus traktowa\u0142 osoby, kt\u00f3re spotyka\u0142?<\/li>\n<li style=\"text-align: left\">Co im m\u00f3wi\u0142?<\/li>\n<li style=\"text-align: left\">Jaki wp\u0142yw na tych ludzi mia\u0142o spotkanie z Jezusem?<\/li>\n<li style=\"text-align: left\">Czy by\u0142 uprzedzony do jakiej\u015b grupy spo\u0142ecznej?<\/li>\n<li style=\"text-align: left\">Za kogo Go uwa\u017cano?<\/li>\n<li style=\"text-align: left\">Jak to jest, \u017ce niekt\u00f3rzy wierz\u0105 i id\u0105 za Jezusem, a inni Go odrzucaj\u0105?<\/li>\n<\/ul>\n<h1 style=\"text-align: center\"><strong>Je\u015bli interesuj\u0105 ci\u0119 te pytania, to ten kurs jest dla ciebie.<\/strong><\/h1>\n<p style=\"text-align: center\">Kurs sk\u0142ada si\u0119 z 4 lekcji m\u00f3wi\u0105cych o spotkaniach Jezusa z 4 r\u00f3\u017cnymi osobami, opisanymi w Ewangelii wg \u015bw. Jana. Przewidywany czas trwania kursu to 7-14 dni. Ka\u017cda lekcja sk\u0142ada si\u0119 z 10 pyta\u0144 i kr\u00f3tkiego filmiku, kt\u00f3ry ilustruje dane spotkanie.<\/p>\n<p style=\"text-align: center\">W przej\u015bciu przez lekcje b\u0119dzie towarzyszy\u0142 ci\u00a0 e-trener, czyli kto\u015b z nas, ludzi zaanga\u017cowanych w Ruch Akademicki Pod Pr\u0105d w Krakowie.<\/p>\n<p style=\"text-align: center\">Wi\u0119cej o nas dowiesz si\u0119 z naszej <strong><span style=\"color: #ff6600\"><a style=\"color: #ff6600\" href=\"https:\/\/www.facebook.com\/rapp.krakow\" target=\"_blank\" rel=\"noopener noreferrer\">strony na Facebooku<\/a>.<\/span><\/strong><\/p>\n<p style=\"text-align: center\">Kurs jest darmowy. Pragniemy inspirowa\u0107 innych do poznawania tego, kim jest Jezus.<\/p>\n<p style=\"text-align: center\">Zapisz si\u0119 ju\u017c dzi\u015b i zobacz jak wygl\u0105da\u0142y spotkania Jezusa z r\u00f3\u017cnymi osobami w Biblii.<\/p>\n<p>&nbsp;<\/p>\n<div style=\"text-align: center\">\n<div style=\"text-align: center\">\n<p><a href=\"https:\/\/forms.gle\/eLiMHzL6oG1uVhp39\" target=\"_blank\" rel=\"noopener noreferrer\"><img decoding=\"async\" class=\"aligncenter\" src=\"https:\/\/sites.cru.org\/agapepl\/wp-content\/uploads\/sites\/140\/2020\/02\/tlo-przycisku-z-tekstem.jpg\" alt=\"ZAPISZ SI\u0118\" width=\"351\" height=\"99\" \/><\/a><\/p>\n<p>&nbsp;<\/p>\n<\/div>\n<\/div>\n<div>\n<p style=\"text-align: left\"><em>* Kurs zosta\u0142 przygotowany we wsp\u00f3\u0142pracy ze szko\u0142\u0105 AGAPE. Prowadzony jest przez wolontariuszy z Ruchu Akademickiego Pod Pr\u0105d z Krakowa.<\/em><\/p>\n<\/div>\n","protected":false},"excerpt":{"rendered":"<p>KURS: SPOTKANIE &gt; PRZE\u0141OM &gt; WIARA * Cze\u015b\u0107! Cieszymy si\u0119, \u017ce do nas zajrza\u0142e\u015b! &nbsp; W jaki spos\u00f3b Jezus traktowa\u0142 osoby, kt\u00f3re spotyka\u0142? Co im m\u00f3wi\u0142? Jaki wp\u0142yw na tych ludzi mia\u0142o spotkanie z Jezusem? Czy by\u0142 uprzedzony do jakiej\u015b grupy spo\u0142ecznej? Za kogo Go uwa\u017cano? Jak to jest, \u017ce niekt\u00f3rzy wierz\u0105 i id\u0105 za [&hellip;]<\/p>\n","protected":false},"author":15074,"featured_media":0,"parent":0,"menu_order":0,"comment_status":"closed","ping_status":"closed","template":"","meta":{"_acf_changed":false,"inline_featured_image":false,"site-sidebar-layout":"default","site-content-layout":"","ast-site-content-layout":"default","site-content-style":"default","site-sidebar-style":"default","ast-global-header-display":"","ast-banner-title-visibility":"","ast-main-header-display":"","ast-hfb-above-header-display":"","ast-hfb-below-header-display":"","ast-hfb-mobile-header-display":"","site-post-title":"","ast-breadcrumbs-content":"","ast-featured-img":"","footer-sml-layout":"","ast-disable-related-posts":"","theme-transparent-header-meta":"","adv-header-id-meta":"","stick-header-meta":"","header-above-stick-meta":"","header-main-stick-meta":"","header-below-stick-meta":"","astra-migrate-meta-layouts":"default","ast-page-background-enabled":"default","ast-page-background-meta":{"desktop":{"background-color":"","background-image":"","background-repeat":"repeat","background-position":"center center","background-size":"auto","background-attachment":"scroll","background-type":"","background-media":"","overlay-type":"","overlay-color":"","overlay-opacity":"","overlay-gradient":""},"tablet":{"background-color":"","background-image":"","background-repeat":"repeat","background-position":"center center","background-size":"auto","background-attachment":"scroll","background-type":"","background-media":"","overlay-type":"","overlay-color":"","overlay-opacity":"","overlay-gradient":""},"mobile":{"background-color":"","background-image":"","background-repeat":"repeat","background-position":"center center","background-size":"auto","background-attachment":"scroll","background-type":"","background-media":"","overlay-type":"","overlay-color":"","overlay-opacity":"","overlay-gradient":""}},"ast-content-background-meta":{"desktop":{"background-color":"var(--ast-global-color-5)","background-image":"","background-repeat":"repeat","background-position":"center center","background-size":"auto","background-attachment":"scroll","background-type":"","background-media":"","overlay-type":"","overlay-color":"","overlay-opacity":"","overlay-gradient":""},"tablet":{"background-color":"var(--ast-global-color-5)","background-image":"","background-repeat":"repeat","background-position":"center center","background-size":"auto","background-attachment":"scroll","background-type":"","background-media":"","overlay-type":"","overlay-color":"","overlay-opacity":"","overlay-gradient":""},"mobile":{"background-color":"var(--ast-global-color-5)","background-image":"","background-repeat":"repeat","background-position":"center center","background-size":"auto","background-attachment":"scroll","background-type":"","background-media":"","overlay-type":"","overlay-color":"","overlay-opacity":"","overlay-gradient":""}},"footnotes":""},"class_list":["post-523","page","type-page","status-publish","hentry"],"acf":[],"jetpack_sharing_enabled":true,"meta_box":{"_cloudsearch_visibility":""},"_links":{"self":[{"href":"https:\/\/sites.cru.org\/agapepl\/wp-json\/wp\/v2\/pages\/523","targetHints":{"allow":["GET"]}}],"collection":[{"href":"https:\/\/sites.cru.org\/agapepl\/wp-json\/wp\/v2\/pages"}],"about":[{"href":"https:\/\/sites.cru.org\/agapepl\/wp-json\/wp\/v2\/types\/page"}],"author":[{"embeddable":true,"href":"https:\/\/sites.cru.org\/agapepl\/wp-json\/wp\/v2\/users\/15074"}],"replies":[{"embeddable":true,"href":"https:\/\/sites.cru.org\/agapepl\/wp-json\/wp\/v2\/comments?post=523"}],"version-history":[{"count":24,"href":"https:\/\/sites.cru.org\/agapepl\/wp-json\/wp\/v2\/pages\/523\/revisions"}],"predecessor-version":[{"id":1130,"href":"https:\/\/sites.cru.org\/agapepl\/wp-json\/wp\/v2\/pages\/523\/revisions\/1130"}],"wp:attachment":[{"href":"https:\/\/sites.cru.org\/agapepl\/wp-json\/wp\/v2\/media?parent=523"}],"curies":[{"name":"wp","href":"https:\/\/api.w.org\/{rel}","templated":true}]}}