{"id":936,"date":"2020-06-09T10:25:42","date_gmt":"2020-06-09T09:25:42","guid":{"rendered":"https:\/\/www.agape.pl\/?page_id=936"},"modified":"2023-03-15T23:02:29","modified_gmt":"2023-03-15T22:02:29","slug":"e-trenerzy","status":"publish","type":"page","link":"https:\/\/sites.cru.org\/agapepl\/e-trenerzy\/","title":{"rendered":"Dla e-trener\u00f3w"},"content":{"rendered":"\t\t<div data-elementor-type=\"wp-page\" data-elementor-id=\"936\" class=\"elementor elementor-936\" data-elementor-post-type=\"page\">\n\t\t\t\t\t\t<header class=\"elementor-section elementor-top-section elementor-element elementor-element-21b0690a elementor-section-content-middle elementor-section-height-min-height elementor-section-full_width elementor-section-height-default elementor-section-items-middle\" data-id=\"21b0690a\" data-element_type=\"section\" data-settings=\"{&quot;background_background&quot;:&quot;classic&quot;}\">\n\t\t\t\t\t\t<div class=\"elementor-container elementor-column-gap-no\">\n\t\t\t\t\t<div class=\"elementor-column elementor-col-100 elementor-top-column elementor-element elementor-element-3ab52ea9\" data-id=\"3ab52ea9\" data-element_type=\"column\">\n\t\t\t<div class=\"elementor-widget-wrap elementor-element-populated\">\n\t\t\t\t\t\t<section class=\"elementor-section elementor-inner-section elementor-element elementor-element-22c259b6 elementor-section-full_width elementor-section-content-middle elementor-section-height-default elementor-section-height-default\" data-id=\"22c259b6\" data-element_type=\"section\">\n\t\t\t\t\t\t<div class=\"elementor-container elementor-column-gap-default\">\n\t\t\t\t\t<div class=\"elementor-column elementor-col-50 elementor-inner-column elementor-element elementor-element-30996452\" data-id=\"30996452\" data-element_type=\"column\">\n\t\t\t<div class=\"elementor-widget-wrap elementor-element-populated\">\n\t\t\t\t\t\t<div class=\"elementor-element elementor-element-65d95dcb elementor-nav-menu__align-justify elementor-nav-menu--dropdown-mobile elementor-nav-menu--stretch elementor-nav-menu__text-align-center elementor-nav-menu--toggle elementor-nav-menu--burger elementor-widget elementor-widget-global elementor-global-3611 elementor-widget-nav-menu\" data-id=\"65d95dcb\" data-element_type=\"widget\" data-settings=\"{&quot;submenu_icon&quot;:{&quot;value&quot;:&quot;fas e-plus-icon&quot;,&quot;library&quot;:&quot;&quot;},&quot;full_width&quot;:&quot;stretch&quot;,&quot;sticky&quot;:&quot;top&quot;,&quot;_animation_mobile&quot;:&quot;none&quot;,&quot;sticky_parent&quot;:&quot;yes&quot;,&quot;layout&quot;:&quot;horizontal&quot;,&quot;toggle&quot;:&quot;burger&quot;,&quot;sticky_on&quot;:[&quot;desktop&quot;,&quot;tablet&quot;,&quot;mobile&quot;],&quot;sticky_offset&quot;:0,&quot;sticky_effects_offset&quot;:0,&quot;sticky_anchor_link_offset&quot;:0}\" data-widget_type=\"nav-menu.default\">\n\t\t\t\t<div class=\"elementor-widget-container\">\n\t\t\t\t\t\t\t\t<nav aria-label=\"Menu\" class=\"elementor-nav-menu--main elementor-nav-menu__container elementor-nav-menu--layout-horizontal e--pointer-overline e--animation-grow\">\n\t\t\t\t<ul id=\"menu-1-65d95dcb\" class=\"elementor-nav-menu\"><li class=\"menu-item menu-item-type-post_type menu-item-object-page menu-item-home menu-item-7829\"><a href=\"https:\/\/sites.cru.org\/agapepl\/\" class=\"elementor-item menu-link\">strona g\u0142\u00f3wna<\/a><\/li>\n<li class=\"menu-item menu-item-type-post_type menu-item-object-page menu-item-has-children menu-item-1987\"><a aria-expanded=\"false\" href=\"https:\/\/sites.cru.org\/agapepl\/relacja-z-bogiem\/\" class=\"elementor-item menu-link\">Relacja z Bogiem<\/a>\n<ul class=\"sub-menu elementor-nav-menu--dropdown\">\n\t<li class=\"menu-item menu-item-type-post_type menu-item-object-page menu-item-2038\"><a href=\"https:\/\/sites.cru.org\/agapepl\/relacja-z-bogiem\/\" class=\"elementor-sub-item menu-link\">Relacja z Bogiem<\/a><\/li>\n\t<li class=\"menu-item menu-item-type-post_type menu-item-object-page menu-item-1260\"><a href=\"https:\/\/sites.cru.org\/agapepl\/spadajace-talerze\/\" class=\"elementor-sub-item menu-link\">Film Spadaj\u0105ce Talerze<\/a><\/li>\n<\/ul>\n<\/li>\n<li class=\"menu-item menu-item-type-post_type menu-item-object-page menu-item-4158\"><a href=\"https:\/\/sites.cru.org\/agapepl\/ksb\/onas\/\" class=\"elementor-item menu-link\">o nas<\/a><\/li>\n<li class=\"menu-item menu-item-type-post_type menu-item-object-page menu-item-1977\"><a href=\"https:\/\/sites.cru.org\/agapepl\/etrenerzy\/\" class=\"elementor-item menu-link\">E-trenerzy<\/a><\/li>\n<li class=\"menu-item menu-item-type-post_type menu-item-object-page menu-item-186\"><a href=\"https:\/\/sites.cru.org\/agapepl\/kontakt\/\" class=\"elementor-item menu-link\">KONTAKT<\/a><\/li>\n<li class=\"menu-item menu-item-type-post_type menu-item-object-page menu-item-has-children menu-item-29\"><a aria-expanded=\"false\" href=\"https:\/\/sites.cru.org\/agapepl\/ksb\/biblioteka\/\" class=\"elementor-item menu-link\">MATERIA\u0141Y DODATKOWE<\/a>\n<ul class=\"sub-menu elementor-nav-menu--dropdown\">\n\t<li class=\"menu-item menu-item-type-post_type menu-item-object-page menu-item-2041\"><a href=\"https:\/\/sites.cru.org\/agapepl\/ksb\/biblioteka\/\" class=\"elementor-sub-item menu-link\">materia\u0142y dodatkowe<\/a><\/li>\n\t<li class=\"menu-item menu-item-type-post_type menu-item-object-page menu-item-1140\"><a href=\"https:\/\/sites.cru.org\/agapepl\/quizy\/\" class=\"elementor-sub-item menu-link\">Quizy<\/a><\/li>\n\t<li class=\"menu-item menu-item-type-post_type menu-item-object-page menu-item-1094\"><a href=\"https:\/\/sites.cru.org\/agapepl\/tapety\/\" class=\"elementor-sub-item menu-link\">TAPETY NA TELEFON<\/a><\/li>\n\t<li class=\"menu-item menu-item-type-post_type menu-item-object-page menu-item-1095\"><a href=\"https:\/\/sites.cru.org\/agapepl\/pulpit\/\" class=\"elementor-sub-item menu-link\">TAPETY NA PULPIT<\/a><\/li>\n<\/ul>\n<\/li>\n<\/ul>\t\t\t<\/nav>\n\t\t\t\t\t<div class=\"elementor-menu-toggle\" role=\"button\" tabindex=\"0\" aria-label=\"Menu Toggle\" aria-expanded=\"false\">\n\t\t\t<i aria-hidden=\"true\" role=\"presentation\" class=\"elementor-menu-toggle__icon--open eicon-menu-bar\"><\/i><i aria-hidden=\"true\" role=\"presentation\" class=\"elementor-menu-toggle__icon--close eicon-close\"><\/i>\t\t<\/div>\n\t\t\t\t\t<nav class=\"elementor-nav-menu--dropdown elementor-nav-menu__container\" aria-hidden=\"true\">\n\t\t\t\t<ul id=\"menu-2-65d95dcb\" class=\"elementor-nav-menu\"><li class=\"menu-item menu-item-type-post_type menu-item-object-page menu-item-home menu-item-7829\"><a href=\"https:\/\/sites.cru.org\/agapepl\/\" class=\"elementor-item menu-link\" tabindex=\"-1\">strona g\u0142\u00f3wna<\/a><\/li>\n<li class=\"menu-item menu-item-type-post_type menu-item-object-page menu-item-has-children menu-item-1987\"><a aria-expanded=\"false\" href=\"https:\/\/sites.cru.org\/agapepl\/relacja-z-bogiem\/\" class=\"elementor-item menu-link\" tabindex=\"-1\">Relacja z Bogiem<\/a>\n<ul class=\"sub-menu elementor-nav-menu--dropdown\">\n\t<li class=\"menu-item menu-item-type-post_type menu-item-object-page menu-item-2038\"><a href=\"https:\/\/sites.cru.org\/agapepl\/relacja-z-bogiem\/\" class=\"elementor-sub-item menu-link\" tabindex=\"-1\">Relacja z Bogiem<\/a><\/li>\n\t<li class=\"menu-item menu-item-type-post_type menu-item-object-page menu-item-1260\"><a href=\"https:\/\/sites.cru.org\/agapepl\/spadajace-talerze\/\" class=\"elementor-sub-item menu-link\" tabindex=\"-1\">Film Spadaj\u0105ce Talerze<\/a><\/li>\n<\/ul>\n<\/li>\n<li class=\"menu-item menu-item-type-post_type menu-item-object-page menu-item-4158\"><a href=\"https:\/\/sites.cru.org\/agapepl\/ksb\/onas\/\" class=\"elementor-item menu-link\" tabindex=\"-1\">o nas<\/a><\/li>\n<li class=\"menu-item menu-item-type-post_type menu-item-object-page menu-item-1977\"><a href=\"https:\/\/sites.cru.org\/agapepl\/etrenerzy\/\" class=\"elementor-item menu-link\" tabindex=\"-1\">E-trenerzy<\/a><\/li>\n<li class=\"menu-item menu-item-type-post_type menu-item-object-page menu-item-186\"><a href=\"https:\/\/sites.cru.org\/agapepl\/kontakt\/\" class=\"elementor-item menu-link\" tabindex=\"-1\">KONTAKT<\/a><\/li>\n<li class=\"menu-item menu-item-type-post_type menu-item-object-page menu-item-has-children menu-item-29\"><a aria-expanded=\"false\" href=\"https:\/\/sites.cru.org\/agapepl\/ksb\/biblioteka\/\" class=\"elementor-item menu-link\" tabindex=\"-1\">MATERIA\u0141Y DODATKOWE<\/a>\n<ul class=\"sub-menu elementor-nav-menu--dropdown\">\n\t<li class=\"menu-item menu-item-type-post_type menu-item-object-page menu-item-2041\"><a href=\"https:\/\/sites.cru.org\/agapepl\/ksb\/biblioteka\/\" class=\"elementor-sub-item menu-link\" tabindex=\"-1\">materia\u0142y dodatkowe<\/a><\/li>\n\t<li class=\"menu-item menu-item-type-post_type menu-item-object-page menu-item-1140\"><a href=\"https:\/\/sites.cru.org\/agapepl\/quizy\/\" class=\"elementor-sub-item menu-link\" tabindex=\"-1\">Quizy<\/a><\/li>\n\t<li class=\"menu-item menu-item-type-post_type menu-item-object-page menu-item-1094\"><a href=\"https:\/\/sites.cru.org\/agapepl\/tapety\/\" class=\"elementor-sub-item menu-link\" tabindex=\"-1\">TAPETY NA TELEFON<\/a><\/li>\n\t<li class=\"menu-item menu-item-type-post_type menu-item-object-page menu-item-1095\"><a href=\"https:\/\/sites.cru.org\/agapepl\/pulpit\/\" class=\"elementor-sub-item menu-link\" tabindex=\"-1\">TAPETY NA PULPIT<\/a><\/li>\n<\/ul>\n<\/li>\n<\/ul>\t\t\t<\/nav>\n\t\t\t\t\t\t<\/div>\n\t\t\t\t<\/div>\n\t\t\t\t\t<\/div>\n\t\t<\/div>\n\t\t\t\t<div class=\"elementor-column elementor-col-50 elementor-inner-column elementor-element elementor-element-3fab2d65\" data-id=\"3fab2d65\" data-element_type=\"column\">\n\t\t\t<div class=\"elementor-widget-wrap elementor-element-populated\">\n\t\t\t\t\t\t<div class=\"elementor-element elementor-element-14fe2c02 elementor-hidden-phone elementor-widget__width-auto elementor-absolute elementor-widget elementor-widget-global elementor-global-3614 elementor-widget-image\" data-id=\"14fe2c02\" data-element_type=\"widget\" data-settings=\"{&quot;_position&quot;:&quot;absolute&quot;,&quot;_animation&quot;:&quot;none&quot;}\" data-widget_type=\"image.default\">\n\t\t\t\t<div class=\"elementor-widget-container\">\n\t\t\t\t\t\t\t\t\t\t\t\t\t\t\t<img decoding=\"async\" src=\"https:\/\/sites.cru.org\/agapepl\/wp-content\/uploads\/sites\/140\/2021\/06\/zdopiskiem.png?w=300\" title=\"zdopiskiem\" alt=\"zdopiskiem\" loading=\"lazy\" \/>\t\t\t\t\t\t\t\t\t\t\t\t\t\t\t<\/div>\n\t\t\t\t<\/div>\n\t\t\t\t\t<\/div>\n\t\t<\/div>\n\t\t\t\t\t<\/div>\n\t\t<\/section>\n\t\t\t\t<div class=\"elementor-element elementor-element-10145506 elementor-widget elementor-widget-image\" data-id=\"10145506\" data-element_type=\"widget\" data-widget_type=\"image.default\">\n\t\t\t\t<div class=\"elementor-widget-container\">\n\t\t\t\t\t\t\t\t\t\t\t\t\t\t\t\t<a href=\"https:\/\/www.agape.pl\">\n\t\t\t\t\t\t\t<img fetchpriority=\"high\" decoding=\"async\" width=\"1100\" height=\"293\" src=\"https:\/\/sites.cru.org\/agapepl\/wp-content\/uploads\/sites\/140\/2021\/06\/6.jpg\" class=\"attachment-full size-full wp-image-3589\" alt=\"\" srcset=\"https:\/\/sites.cru.org\/agapepl\/wp-content\/uploads\/sites\/140\/2021\/06\/6.jpg 1688w, https:\/\/sites.cru.org\/agapepl\/wp-content\/uploads\/sites\/140\/2021\/06\/6.jpg?resize=300,80 300w, https:\/\/sites.cru.org\/agapepl\/wp-content\/uploads\/sites\/140\/2021\/06\/6.jpg?resize=768,205 768w, https:\/\/sites.cru.org\/agapepl\/wp-content\/uploads\/sites\/140\/2021\/06\/6.jpg?resize=1024,273 1024w, https:\/\/sites.cru.org\/agapepl\/wp-content\/uploads\/sites\/140\/2021\/06\/6.jpg?resize=1536,409 1536w\" sizes=\"(max-width: 1100px) 100vw, 1100px\" \/>\t\t\t\t\t\t\t\t<\/a>\n\t\t\t\t\t\t\t\t\t\t\t\t\t\t\t<\/div>\n\t\t\t\t<\/div>\n\t\t\t\t\t<\/div>\n\t\t<\/div>\n\t\t\t\t\t<\/div>\n\t\t<\/header>\n\t\t\t\t<section class=\"elementor-section elementor-top-section elementor-element elementor-element-172aa9e3 elementor-section-boxed elementor-section-height-default elementor-section-height-default\" data-id=\"172aa9e3\" data-element_type=\"section\">\n\t\t\t\t\t\t<div class=\"elementor-container elementor-column-gap-no\">\n\t\t\t\t\t<div class=\"elementor-column elementor-col-100 elementor-top-column elementor-element elementor-element-443c0ebd\" data-id=\"443c0ebd\" data-element_type=\"column\">\n\t\t\t<div class=\"elementor-widget-wrap elementor-element-populated\">\n\t\t\t\t\t\t<section class=\"elementor-section elementor-inner-section elementor-element elementor-element-122b38b0 elementor-section-full_width elementor-section-height-default elementor-section-height-default\" data-id=\"122b38b0\" data-element_type=\"section\">\n\t\t\t\t\t\t<div class=\"elementor-container elementor-column-gap-no\">\n\t\t\t\t\t<div class=\"elementor-column elementor-col-100 elementor-inner-column elementor-element elementor-element-7a214a2b\" data-id=\"7a214a2b\" data-element_type=\"column\">\n\t\t\t<div class=\"elementor-widget-wrap elementor-element-populated\">\n\t\t\t\t\t\t<div class=\"elementor-element elementor-element-4bc125b7 elementor-widget elementor-widget-text-editor\" data-id=\"4bc125b7\" data-element_type=\"widget\" data-widget_type=\"text-editor.default\">\n\t\t\t\t<div class=\"elementor-widget-container\">\n\t\t\t\t\t\t\t\t\t<p>Drogi e-trenerze, poni\u017cej jest link do zestawu przydatnych informacji specjalnie dla Ciebie. Aby je zobaczy\u0107, u\u017cyj danych logowania swojego konta gmail.<\/p>\t\t\t\t\t\t\t\t<\/div>\n\t\t\t\t<\/div>\n\t\t\t\t<div class=\"elementor-element elementor-element-8fb54fc elementor-align-center elementor-mobile-align-center elementor-widget elementor-widget-button\" data-id=\"8fb54fc\" data-element_type=\"widget\" data-widget_type=\"button.default\">\n\t\t\t\t<div class=\"elementor-widget-container\">\n\t\t\t\t\t\t\t\t\t<div class=\"elementor-button-wrapper\">\n\t\t\t\t\t<a class=\"elementor-button elementor-button-link elementor-size-xs\" href=\"https:\/\/docs.google.com\/document\/d\/1ZxAN5LijdAwycO38AQ1J2Tx96YJk3T355Wghqu1ksNo\" target=\"_blank\">\n\t\t\t\t\t\t<span class=\"elementor-button-content-wrapper\">\n\t\t\t\t\t\t\t\t\t<span class=\"elementor-button-text\">materia\u0142y dla e-trener\u00f3w<\/span>\n\t\t\t\t\t<\/span>\n\t\t\t\t\t<\/a>\n\t\t\t\t<\/div>\n\t\t\t\t\t\t\t\t<\/div>\n\t\t\t\t<\/div>\n\t\t\t\t<div class=\"elementor-element elementor-element-057f98e elementor-widget elementor-widget-text-editor\" data-id=\"057f98e\" data-element_type=\"widget\" data-widget_type=\"text-editor.default\">\n\t\t\t\t<div class=\"elementor-widget-container\">\n\t\t\t\t\t\t\t\t\t<p>Je\u015bli chcesz dowiedzie\u0107 si\u0119 jak zosta\u0107 e-trenerem w naszej szkole napisz do nas na adres:<\/p><p><strong>agape(@)mt28.pl<\/strong><\/p>\t\t\t\t\t\t\t\t<\/div>\n\t\t\t\t<\/div>\n\t\t\t\t\t<\/div>\n\t\t<\/div>\n\t\t\t\t\t<\/div>\n\t\t<\/section>\n\t\t\t\t\t<\/div>\n\t\t<\/div>\n\t\t\t\t\t<\/div>\n\t\t<\/section>\n\t\t\t\t<section class=\"elementor-section elementor-top-section elementor-element elementor-element-181d260f elementor-section-full_width elementor-section-height-default elementor-section-height-default\" data-id=\"181d260f\" data-element_type=\"section\">\n\t\t\t\t\t\t<div class=\"elementor-container elementor-column-gap-no\">\n\t\t\t\t\t<div class=\"elementor-column elementor-col-100 elementor-top-column elementor-element elementor-element-336887fe\" data-id=\"336887fe\" data-element_type=\"column\">\n\t\t\t<div class=\"elementor-widget-wrap elementor-element-populated\">\n\t\t\t\t\t\t<div class=\"elementor-element elementor-element-3316d8e5 elementor-nav-menu__align-center elementor-nav-menu__text-align-center elementor-nav-menu--dropdown-tablet elementor-nav-menu--toggle elementor-nav-menu--burger elementor-widget elementor-widget-nav-menu\" data-id=\"3316d8e5\" data-element_type=\"widget\" data-settings=\"{&quot;submenu_icon&quot;:{&quot;value&quot;:&quot;&lt;i class=\\&quot;\\&quot; aria-hidden=\\&quot;true\\&quot;&gt;&lt;\\\/i&gt;&quot;,&quot;library&quot;:&quot;&quot;},&quot;layout&quot;:&quot;horizontal&quot;,&quot;toggle&quot;:&quot;burger&quot;}\" data-widget_type=\"nav-menu.default\">\n\t\t\t\t<div class=\"elementor-widget-container\">\n\t\t\t\t\t\t\t\t<nav aria-label=\"Menu\" class=\"elementor-nav-menu--main elementor-nav-menu__container elementor-nav-menu--layout-horizontal e--pointer-underline e--animation-none\">\n\t\t\t\t<ul id=\"menu-1-3316d8e5\" class=\"elementor-nav-menu\"><li class=\"menu-item menu-item-type-post_type menu-item-object-page menu-item-1552\"><a href=\"https:\/\/sites.cru.org\/agapepl\/relacja-z-bogiem\/\" class=\"elementor-item menu-link\">Relacja z Bogiem<\/a><\/li>\n<li class=\"menu-item menu-item-type-post_type menu-item-object-page menu-item-938\"><a href=\"https:\/\/sites.cru.org\/agapepl\/e-trenerzy\/\" class=\"elementor-item menu-link\">Dla e-trener\u00f3w<\/a><\/li>\n<li class=\"menu-item menu-item-type-post_type menu-item-object-page menu-item-4306\"><a href=\"https:\/\/sites.cru.org\/agapepl\/kontakt\/\" class=\"elementor-item menu-link\">kontakt<\/a><\/li>\n<li class=\"menu-item menu-item-type-custom menu-item-object-custom menu-item-1553\"><a href=\"https:\/\/www.facebook.com\/kursyAGAPE\" class=\"elementor-item menu-link\">Jeste\u015bmy na FACEBOOKu<\/a><\/li>\n<li class=\"menu-item menu-item-type-post_type menu-item-object-page menu-item-215\"><a href=\"https:\/\/sites.cru.org\/agapepl\/polityka-prywatnosci\/\" class=\"elementor-item menu-link\">Polityka prywatno\u015bci<\/a><\/li>\n<\/ul>\t\t\t<\/nav>\n\t\t\t\t\t<div class=\"elementor-menu-toggle\" role=\"button\" tabindex=\"0\" aria-label=\"Menu Toggle\" aria-expanded=\"false\">\n\t\t\t<i aria-hidden=\"true\" role=\"presentation\" class=\"elementor-menu-toggle__icon--open eicon-menu-bar\"><\/i><i aria-hidden=\"true\" role=\"presentation\" class=\"elementor-menu-toggle__icon--close eicon-close\"><\/i>\t\t<\/div>\n\t\t\t\t\t<nav class=\"elementor-nav-menu--dropdown elementor-nav-menu__container\" aria-hidden=\"true\">\n\t\t\t\t<ul id=\"menu-2-3316d8e5\" class=\"elementor-nav-menu\"><li class=\"menu-item menu-item-type-post_type menu-item-object-page menu-item-1552\"><a href=\"https:\/\/sites.cru.org\/agapepl\/relacja-z-bogiem\/\" class=\"elementor-item menu-link\" tabindex=\"-1\">Relacja z Bogiem<\/a><\/li>\n<li class=\"menu-item menu-item-type-post_type menu-item-object-page menu-item-938\"><a href=\"https:\/\/sites.cru.org\/agapepl\/e-trenerzy\/\" class=\"elementor-item menu-link\" tabindex=\"-1\">Dla e-trener\u00f3w<\/a><\/li>\n<li class=\"menu-item menu-item-type-post_type menu-item-object-page menu-item-4306\"><a href=\"https:\/\/sites.cru.org\/agapepl\/kontakt\/\" class=\"elementor-item menu-link\" tabindex=\"-1\">kontakt<\/a><\/li>\n<li class=\"menu-item menu-item-type-custom menu-item-object-custom menu-item-1553\"><a href=\"https:\/\/www.facebook.com\/kursyAGAPE\" class=\"elementor-item menu-link\" tabindex=\"-1\">Jeste\u015bmy na FACEBOOKu<\/a><\/li>\n<li class=\"menu-item menu-item-type-post_type menu-item-object-page menu-item-215\"><a href=\"https:\/\/sites.cru.org\/agapepl\/polityka-prywatnosci\/\" class=\"elementor-item menu-link\" tabindex=\"-1\">Polityka prywatno\u015bci<\/a><\/li>\n<\/ul>\t\t\t<\/nav>\n\t\t\t\t\t\t<\/div>\n\t\t\t\t<\/div>\n\t\t\t\t<div class=\"elementor-element elementor-element-73c93eb0 elementor-widget elementor-widget-global elementor-global-4598 elementor-widget-text-editor\" data-id=\"73c93eb0\" data-element_type=\"widget\" data-widget_type=\"text-editor.default\">\n\t\t\t\t<div class=\"elementor-widget-container\">\n\t\t\t\t\t\t\t\t\t<p style=\"text-align: center\">Copyright \u00a9 2024 <span class=\"s1\">Ruch Chrze\u015bcija\u0144ski Mt28 Wszelkie prawa zastrze\u017cone.<\/span><\/p>\t\t\t\t\t\t\t\t<\/div>\n\t\t\t\t<\/div>\n\t\t\t\t\t<\/div>\n\t\t<\/div>\n\t\t\t\t\t<\/div>\n\t\t<\/section>\n\t\t\t\t<\/div>\n\t\t","protected":false},"excerpt":{"rendered":"<p>Drogi e-trenerze, poni\u017cej jest link do zestawu przydatnych informacji specjalnie dla Ciebie. Aby je zobaczy\u0107, u\u017cyj danych logowania swojego konta gmail. materia\u0142y dla e-trener\u00f3w Je\u015bli chcesz dowiedzie\u0107 si\u0119 jak zosta\u0107 e-trenerem w naszej szkole napisz do nas na adres: agape(@)mt28.pl Copyright \u00a9 2021 Ruch Chrze\u015bcija\u0144ski Mt28 Wszelkie prawa zastrze\u017cone.<\/p>\n","protected":false},"author":15074,"featured_media":0,"parent":0,"menu_order":0,"comment_status":"closed","ping_status":"closed","template":"","meta":{"_acf_changed":false,"inline_featured_image":false,"site-sidebar-layout":"default","site-content-layout":"","ast-site-content-layout":"default","site-content-style":"default","site-sidebar-style":"default","ast-global-header-display":"","ast-banner-title-visibility":"","ast-main-header-display":"","ast-hfb-above-header-display":"","ast-hfb-below-header-display":"","ast-hfb-mobile-header-display":"","site-post-title":"","ast-breadcrumbs-content":"","ast-featured-img":"","footer-sml-layout":"","ast-disable-related-posts":"","theme-transparent-header-meta":"","adv-header-id-meta":"","stick-header-meta":"","header-above-stick-meta":"","header-main-stick-meta":"","header-below-stick-meta":"","astra-migrate-meta-layouts":"default","ast-page-background-enabled":"default","ast-page-background-meta":{"desktop":{"background-color":"","background-image":"","background-repeat":"repeat","background-position":"center center","background-size":"auto","background-attachment":"scroll","background-type":"","background-media":"","overlay-type":"","overlay-color":"","overlay-opacity":"","overlay-gradient":""},"tablet":{"background-color":"","background-image":"","background-repeat":"repeat","background-position":"center center","background-size":"auto","background-attachment":"scroll","background-type":"","background-media":"","overlay-type":"","overlay-color":"","overlay-opacity":"","overlay-gradient":""},"mobile":{"background-color":"","background-image":"","background-repeat":"repeat","background-position":"center center","background-size":"auto","background-attachment":"scroll","background-type":"","background-media":"","overlay-type":"","overlay-color":"","overlay-opacity":"","overlay-gradient":""}},"ast-content-background-meta":{"desktop":{"background-color":"var(--ast-global-color-5)","background-image":"","background-repeat":"repeat","background-position":"center center","background-size":"auto","background-attachment":"scroll","background-type":"","background-media":"","overlay-type":"","overlay-color":"","overlay-opacity":"","overlay-gradient":""},"tablet":{"background-color":"var(--ast-global-color-5)","background-image":"","background-repeat":"repeat","background-position":"center center","background-size":"auto","background-attachment":"scroll","background-type":"","background-media":"","overlay-type":"","overlay-color":"","overlay-opacity":"","overlay-gradient":""},"mobile":{"background-color":"var(--ast-global-color-5)","background-image":"","background-repeat":"repeat","background-position":"center center","background-size":"auto","background-attachment":"scroll","background-type":"","background-media":"","overlay-type":"","overlay-color":"","overlay-opacity":"","overlay-gradient":""}},"footnotes":""},"class_list":["post-936","page","type-page","status-publish","hentry"],"acf":[],"jetpack_sharing_enabled":true,"meta_box":{"_cloudsearch_visibility":""},"_links":{"self":[{"href":"https:\/\/sites.cru.org\/agapepl\/wp-json\/wp\/v2\/pages\/936","targetHints":{"allow":["GET"]}}],"collection":[{"href":"https:\/\/sites.cru.org\/agapepl\/wp-json\/wp\/v2\/pages"}],"about":[{"href":"https:\/\/sites.cru.org\/agapepl\/wp-json\/wp\/v2\/types\/page"}],"author":[{"embeddable":true,"href":"https:\/\/sites.cru.org\/agapepl\/wp-json\/wp\/v2\/users\/15074"}],"replies":[{"embeddable":true,"href":"https:\/\/sites.cru.org\/agapepl\/wp-json\/wp\/v2\/comments?post=936"}],"version-history":[{"count":66,"href":"https:\/\/sites.cru.org\/agapepl\/wp-json\/wp\/v2\/pages\/936\/revisions"}],"predecessor-version":[{"id":8665,"href":"https:\/\/sites.cru.org\/agapepl\/wp-json\/wp\/v2\/pages\/936\/revisions\/8665"}],"wp:attachment":[{"href":"https:\/\/sites.cru.org\/agapepl\/wp-json\/wp\/v2\/media?parent=936"}],"curies":[{"name":"wp","href":"https:\/\/api.w.org\/{rel}","templated":true}]}}