{"id":2875,"date":"2020-12-08T12:00:59","date_gmt":"2020-12-08T12:00:59","guid":{"rendered":"https:\/\/sites.cru.org\/learningcenteragapeeurope\/?page_id=2875"},"modified":"2020-12-16T12:22:29","modified_gmt":"2020-12-16T11:22:29","slug":"course-grid","status":"publish","type":"page","link":"https:\/\/sites.cru.org\/learningcentreagapeeurope\/es\/course-grid\/","title":{"rendered":"All Courses"},"content":{"rendered":"<div class=\"learndash-wrap\"><div id=\"ld-course-list-content-04b49fbbdc23c14529b5672346f5190a\" class=\"ld-course-list-content\" data-shortcode-atts=\"{&quot;tag&quot;:&quot;Active&quot;,&quot;course_grid&quot;:&quot;true&quot;}\">\n\t\t\t<div class=\"ld-course-list-items row\">\n\t<!-- LearnDash Course Grid v1 --><div class=\"ld_course_grid col-sm-8 col-md-4\">\n\t<article id=\"post-3180\" class=\"thumbnail course post-3180 sfwd-courses type-sfwd-courses status-publish has-post-thumbnail hentry tag-active tag-featured ld_course_tag-active ld_course_tag-featured\">\n\t\t\t\t\t\t\t\t<div class=\"ribbon free\">\n\t\t\t\tFree\t\t\t<\/div>\n\t\t\t\n\t\t\t\t\t\t<a\n\t\t\t\taria-hidden=\"true\"\n\t\t\t\thref=\"https:\/\/sites.cru.org\/learningcentreagapeeurope\/es\/courses\/add-your-course-here\/\"\n\t\t\t\ttabindex=\"-1\"\n\t\t\t>\n\t\t\t\t<img fetchpriority=\"high\" decoding=\"async\" width=\"300\" height=\"199\" src=\"https:\/\/sites.cru.org\/learningcentreagapeeurope\/wp-content\/uploads\/sites\/165\/2019\/08\/kimberly-farmer-lUaaKCUANVI-unsplash.jpg?w=300\" class=\"attachment-medium size-medium wp-post-image\" alt=\"[Your Course Here]\" srcset=\"https:\/\/sites.cru.org\/learningcentreagapeeurope\/wp-content\/uploads\/sites\/165\/2019\/08\/kimberly-farmer-lUaaKCUANVI-unsplash.jpg 6016w, https:\/\/sites.cru.org\/learningcentreagapeeurope\/wp-content\/uploads\/sites\/165\/2019\/08\/kimberly-farmer-lUaaKCUANVI-unsplash.jpg?resize=300,199 300w, https:\/\/sites.cru.org\/learningcentreagapeeurope\/wp-content\/uploads\/sites\/165\/2019\/08\/kimberly-farmer-lUaaKCUANVI-unsplash.jpg?resize=768,511 768w, https:\/\/sites.cru.org\/learningcentreagapeeurope\/wp-content\/uploads\/sites\/165\/2019\/08\/kimberly-farmer-lUaaKCUANVI-unsplash.jpg?resize=1024,681 1024w, https:\/\/sites.cru.org\/learningcentreagapeeurope\/wp-content\/uploads\/sites\/165\/2019\/08\/kimberly-farmer-lUaaKCUANVI-unsplash.jpg?resize=1536,1021 1536w, https:\/\/sites.cru.org\/learningcentreagapeeurope\/wp-content\/uploads\/sites\/165\/2019\/08\/kimberly-farmer-lUaaKCUANVI-unsplash.jpg?resize=2048,1362 2048w, https:\/\/sites.cru.org\/learningcentreagapeeurope\/wp-content\/uploads\/sites\/165\/2019\/08\/kimberly-farmer-lUaaKCUANVI-unsplash.jpg?resize=18,12 18w\" sizes=\"(max-width: 300px) 100vw, 300px\" \/>\t\t\t<\/a>\n\t\t\t\t\t\n\t\t\t\t\t<div class=\"caption\">\n\t\t\t\t<h3 class=\"entry-title\">[Your Course Here]<\/h3>\n\t\t\t\t\t\t\t\t<div class=\"entry-content\"><p>Add something to our community learning space.<\/p>\n<\/div>\n\t\t\t\t\t\t\t\t<div class=\"ld_course_grid_button\">\n\t\t\t\t\t<a\n\t\t\t\t\t\taria-label=\"Continue Study: [Your Course Here]\"\n\t\t\t\t\t\tclass=\"btn btn-primary\"\n\t\t\t\t\t\thref=\"https:\/\/sites.cru.org\/learningcentreagapeeurope\/es\/courses\/add-your-course-here\/\"\n\t\t\t\t\t>\n\t\t\t\t\t\tContinue Study\t\t\t\t\t<\/a>\n\t\t\t\t<\/div>\n\t\t\t\t\t\t\t<\/div><!-- .entry-header -->\n\t\t\t<\/article><!-- #post-## -->\n<\/div><!-- .ld_course_grid -->\n<!-- LearnDash Course Grid v1 --><div class=\"ld_course_grid col-sm-8 col-md-4\">\n\t<article id=\"post-3071\" class=\"thumbnail course post-3071 sfwd-courses type-sfwd-courses status-publish has-post-thumbnail hentry tag-active tag-featured tag-leader-development tag-teams\">\n\t\t\t\t\t\n\t\t\t\t\t\t<a\n\t\t\t\taria-hidden=\"true\"\n\t\t\t\thref=\"https:\/\/sites.cru.org\/learningcentreagapeeurope\/es\/courses\/cohort-21-2\/\"\n\t\t\t\ttabindex=\"-1\"\n\t\t\t>\n\t\t\t\t<img decoding=\"async\" width=\"300\" height=\"200\" src=\"https:\/\/sites.cru.org\/learningcentreagapeeurope\/wp-content\/uploads\/sites\/165\/2019\/06\/pascal-swier-7de474KZIbs-unsplash-2.jpg?w=300\" class=\"attachment-medium size-medium wp-post-image\" alt=\"Cohort 21\" srcset=\"https:\/\/sites.cru.org\/learningcentreagapeeurope\/wp-content\/uploads\/sites\/165\/2019\/06\/pascal-swier-7de474KZIbs-unsplash-2.jpg 5383w, https:\/\/sites.cru.org\/learningcentreagapeeurope\/wp-content\/uploads\/sites\/165\/2019\/06\/pascal-swier-7de474KZIbs-unsplash-2.jpg?resize=300,200 300w, https:\/\/sites.cru.org\/learningcentreagapeeurope\/wp-content\/uploads\/sites\/165\/2019\/06\/pascal-swier-7de474KZIbs-unsplash-2.jpg?resize=768,512 768w, https:\/\/sites.cru.org\/learningcentreagapeeurope\/wp-content\/uploads\/sites\/165\/2019\/06\/pascal-swier-7de474KZIbs-unsplash-2.jpg?resize=1024,683 1024w, https:\/\/sites.cru.org\/learningcentreagapeeurope\/wp-content\/uploads\/sites\/165\/2019\/06\/pascal-swier-7de474KZIbs-unsplash-2.jpg?resize=1536,1024 1536w, https:\/\/sites.cru.org\/learningcentreagapeeurope\/wp-content\/uploads\/sites\/165\/2019\/06\/pascal-swier-7de474KZIbs-unsplash-2.jpg?resize=2048,1365 2048w, https:\/\/sites.cru.org\/learningcentreagapeeurope\/wp-content\/uploads\/sites\/165\/2019\/06\/pascal-swier-7de474KZIbs-unsplash-2.jpg?resize=18,12 18w\" sizes=\"(max-width: 300px) 100vw, 300px\" \/>\t\t\t<\/a>\n\t\t\t\t\t\n\t\t\t\t\t<div class=\"caption\">\n\t\t\t\t<h3 class=\"entry-title\">Cohort 21<\/h3>\n\t\t\t\t\t\t\t\t<div class=\"entry-content\"><p>Our team leaders are Vital! Gain key skills for leading teams well.<\/p>\n<\/div>\n\t\t\t\t\t\t\t\t<div class=\"ld_course_grid_button\">\n\t\t\t\t\t<a\n\t\t\t\t\t\taria-label=\"Enroll Now: Cohort 21\"\n\t\t\t\t\t\tclass=\"btn btn-primary\"\n\t\t\t\t\t\thref=\"https:\/\/sites.cru.org\/learningcentreagapeeurope\/es\/courses\/cohort-21-2\/\"\n\t\t\t\t\t>\n\t\t\t\t\t\tEnroll Now\t\t\t\t\t<\/a>\n\t\t\t\t<\/div>\n\t\t\t\t\t\t\t<\/div><!-- .entry-header -->\n\t\t\t<\/article><!-- #post-## -->\n<\/div><!-- .ld_course_grid -->\n<!-- LearnDash Course Grid v1 --><div class=\"ld_course_grid col-sm-8 col-md-4\">\n\t<article id=\"post-2028\" class=\"thumbnail course post-2028 sfwd-courses type-sfwd-courses status-publish has-post-thumbnail hentry tag-active tag-nst tag-spain\">\n\t\t\t\t\t\n\t\t\t\t\t\t<a\n\t\t\t\taria-hidden=\"true\"\n\t\t\t\thref=\"https:\/\/sites.cru.org\/learningcentreagapeeurope\/es\/courses\/orientacion-becarios\/\"\n\t\t\t\ttabindex=\"-1\"\n\t\t\t>\n\t\t\t\t<img decoding=\"async\" width=\"300\" height=\"200\" src=\"https:\/\/sites.cru.org\/learningcentreagapeeurope\/wp-content\/uploads\/sites\/165\/2019\/08\/braden-collum-9HI8UJMSdZA-unsplash-2.jpg?w=300\" class=\"attachment-medium size-medium wp-post-image\" alt=\"Orientaci\u00f3n Becarios\" srcset=\"https:\/\/sites.cru.org\/learningcentreagapeeurope\/wp-content\/uploads\/sites\/165\/2019\/08\/braden-collum-9HI8UJMSdZA-unsplash-2.jpg 3481w, https:\/\/sites.cru.org\/learningcentreagapeeurope\/wp-content\/uploads\/sites\/165\/2019\/08\/braden-collum-9HI8UJMSdZA-unsplash-2.jpg?resize=300,200 300w, https:\/\/sites.cru.org\/learningcentreagapeeurope\/wp-content\/uploads\/sites\/165\/2019\/08\/braden-collum-9HI8UJMSdZA-unsplash-2.jpg?resize=768,512 768w, https:\/\/sites.cru.org\/learningcentreagapeeurope\/wp-content\/uploads\/sites\/165\/2019\/08\/braden-collum-9HI8UJMSdZA-unsplash-2.jpg?resize=1024,683 1024w, https:\/\/sites.cru.org\/learningcentreagapeeurope\/wp-content\/uploads\/sites\/165\/2019\/08\/braden-collum-9HI8UJMSdZA-unsplash-2.jpg?resize=1536,1024 1536w, https:\/\/sites.cru.org\/learningcentreagapeeurope\/wp-content\/uploads\/sites\/165\/2019\/08\/braden-collum-9HI8UJMSdZA-unsplash-2.jpg?resize=2048,1366 2048w, https:\/\/sites.cru.org\/learningcentreagapeeurope\/wp-content\/uploads\/sites\/165\/2019\/08\/braden-collum-9HI8UJMSdZA-unsplash-2.jpg?resize=18,12 18w\" sizes=\"(max-width: 300px) 100vw, 300px\" \/>\t\t\t<\/a>\n\t\t\t\t\t\n\t\t\t\t\t<div class=\"caption\">\n\t\t\t\t<h3 class=\"entry-title\">Orientaci\u00f3n Becarios<\/h3>\n\t\t\t\t\t\t\t\t<div class=\"entry-content\"><p> Antes de llegar a la Orientaci\u00f3n de Becarios, prep\u00e1rate a trav\u00e9s de este curso en que se trata de historia, la visi\u00f3n y misi\u00f3n y la estructura del ministerio de \u00c1gape Espa\u00f1a.   <\/p>\n<\/div>\n\t\t\t\t\t\t\t\t<div class=\"ld_course_grid_button\">\n\t\t\t\t\t<a\n\t\t\t\t\t\taria-label=\"Enroll Now: Orientaci\u00f3n Becarios\"\n\t\t\t\t\t\tclass=\"btn btn-primary\"\n\t\t\t\t\t\thref=\"https:\/\/sites.cru.org\/learningcentreagapeeurope\/es\/courses\/orientacion-becarios\/\"\n\t\t\t\t\t>\n\t\t\t\t\t\tEnroll Now\t\t\t\t\t<\/a>\n\t\t\t\t<\/div>\n\t\t\t\t\t\t\t<\/div><!-- .entry-header -->\n\t\t\t<\/article><!-- #post-## -->\n<\/div><!-- .ld_course_grid -->\n<!-- LearnDash Course Grid v1 --><div class=\"ld_course_grid col-sm-8 col-md-4\">\n\t<article id=\"post-687\" class=\"thumbnail course post-687 sfwd-courses type-sfwd-courses status-publish has-post-thumbnail hentry tag-active tag-leader-development tag-teams ld_course_category-training\">\n\t\t\t\t\t\n\t\t\t\t\t\t<a\n\t\t\t\taria-hidden=\"true\"\n\t\t\t\thref=\"https:\/\/sites.cru.org\/learningcentreagapeeurope\/es\/courses\/team-leader-development\/\"\n\t\t\t\ttabindex=\"-1\"\n\t\t\t>\n\t\t\t\t<img loading=\"lazy\" decoding=\"async\" width=\"300\" height=\"200\" src=\"https:\/\/sites.cru.org\/learningcentreagapeeurope\/wp-content\/uploads\/sites\/165\/2019\/07\/pascal-swier-7de474KZIbs-unsplash.jpg?w=300\" class=\"attachment-medium size-medium wp-post-image\" alt=\"Team Leader Development\" srcset=\"https:\/\/sites.cru.org\/learningcentreagapeeurope\/wp-content\/uploads\/sites\/165\/2019\/07\/pascal-swier-7de474KZIbs-unsplash.jpg 5383w, https:\/\/sites.cru.org\/learningcentreagapeeurope\/wp-content\/uploads\/sites\/165\/2019\/07\/pascal-swier-7de474KZIbs-unsplash.jpg?resize=300,200 300w, https:\/\/sites.cru.org\/learningcentreagapeeurope\/wp-content\/uploads\/sites\/165\/2019\/07\/pascal-swier-7de474KZIbs-unsplash.jpg?resize=768,512 768w, https:\/\/sites.cru.org\/learningcentreagapeeurope\/wp-content\/uploads\/sites\/165\/2019\/07\/pascal-swier-7de474KZIbs-unsplash.jpg?resize=1024,683 1024w, https:\/\/sites.cru.org\/learningcentreagapeeurope\/wp-content\/uploads\/sites\/165\/2019\/07\/pascal-swier-7de474KZIbs-unsplash.jpg?resize=1536,1024 1536w, https:\/\/sites.cru.org\/learningcentreagapeeurope\/wp-content\/uploads\/sites\/165\/2019\/07\/pascal-swier-7de474KZIbs-unsplash.jpg?resize=2048,1365 2048w, https:\/\/sites.cru.org\/learningcentreagapeeurope\/wp-content\/uploads\/sites\/165\/2019\/07\/pascal-swier-7de474KZIbs-unsplash.jpg?resize=18,12 18w\" sizes=\"(max-width: 300px) 100vw, 300px\" \/>\t\t\t<\/a>\n\t\t\t\t\t\n\t\t\t\t\t<div class=\"caption\">\n\t\t\t\t<h3 class=\"entry-title\">Team Leader Development<\/h3>\n\t\t\t\t\t\t\t\t<div class=\"entry-content\"><p>Team leader skills based on CXI Malta<\/p>\n<\/div>\n\t\t\t\t\t\t\t\t<div class=\"ld_course_grid_button\">\n\t\t\t\t\t<a\n\t\t\t\t\t\taria-label=\"Enroll Now: Team Leader Development\"\n\t\t\t\t\t\tclass=\"btn btn-primary\"\n\t\t\t\t\t\thref=\"https:\/\/sites.cru.org\/learningcentreagapeeurope\/es\/courses\/team-leader-development\/\"\n\t\t\t\t\t>\n\t\t\t\t\t\tEnroll Now\t\t\t\t\t<\/a>\n\t\t\t\t<\/div>\n\t\t\t\t\t\t\t<\/div><!-- .entry-header -->\n\t\t\t<\/article><!-- #post-## -->\n<\/div><!-- .ld_course_grid -->\n<!-- LearnDash Course Grid v1 --><div class=\"ld_course_grid col-sm-8 col-md-4\">\n\t<article id=\"post-7\" class=\"thumbnail course post-7 sfwd-courses type-sfwd-courses status-publish has-post-thumbnail hentry tag-active tag-coaching tag-featured tag-nst ld_course_category-coaches\">\n\t\t\t\t\t\n\t\t\t\t\t\t<a\n\t\t\t\taria-hidden=\"true\"\n\t\t\t\thref=\"https:\/\/sites.cru.org\/learningcentreagapeeurope\/es\/courses\/nst-coach-course\/\"\n\t\t\t\ttabindex=\"-1\"\n\t\t\t>\n\t\t\t\t<img loading=\"lazy\" decoding=\"async\" width=\"300\" height=\"200\" src=\"https:\/\/sites.cru.org\/learningcentreagapeeurope\/wp-content\/uploads\/sites\/165\/2018\/08\/INTRO-jonathan-kho-573743-unsplash.jpg?w=300\" class=\"attachment-medium size-medium wp-post-image\" alt=\"NST Coach&#8217;s Course\" srcset=\"https:\/\/sites.cru.org\/learningcentreagapeeurope\/wp-content\/uploads\/sites\/165\/2018\/08\/INTRO-jonathan-kho-573743-unsplash.jpg 5974w, https:\/\/sites.cru.org\/learningcentreagapeeurope\/wp-content\/uploads\/sites\/165\/2018\/08\/INTRO-jonathan-kho-573743-unsplash.jpg?resize=300,200 300w, https:\/\/sites.cru.org\/learningcentreagapeeurope\/wp-content\/uploads\/sites\/165\/2018\/08\/INTRO-jonathan-kho-573743-unsplash.jpg?resize=768,512 768w, https:\/\/sites.cru.org\/learningcentreagapeeurope\/wp-content\/uploads\/sites\/165\/2018\/08\/INTRO-jonathan-kho-573743-unsplash.jpg?resize=1024,683 1024w, https:\/\/sites.cru.org\/learningcentreagapeeurope\/wp-content\/uploads\/sites\/165\/2018\/08\/INTRO-jonathan-kho-573743-unsplash.jpg?resize=1536,1024 1536w, https:\/\/sites.cru.org\/learningcentreagapeeurope\/wp-content\/uploads\/sites\/165\/2018\/08\/INTRO-jonathan-kho-573743-unsplash.jpg?resize=2048,1365 2048w, https:\/\/sites.cru.org\/learningcentreagapeeurope\/wp-content\/uploads\/sites\/165\/2018\/08\/INTRO-jonathan-kho-573743-unsplash.jpg?resize=18,12 18w\" sizes=\"(max-width: 300px) 100vw, 300px\" \/>\t\t\t<\/a>\n\t\t\t\t\t\n\t\t\t\t\t<div class=\"caption\">\n\t\t\t\t<h3 class=\"entry-title\">NST Coach&#8217;s Course<\/h3>\n\t\t\t\t\t\t\t\t<div class=\"entry-content\"><p>Build your shepherding and coaching skills. Discover keys to learning and development.<\/p>\n<\/div>\n\t\t\t\t\t\t\t\t<div class=\"ld_course_grid_button\">\n\t\t\t\t\t<a\n\t\t\t\t\t\taria-label=\"Enroll Now: NST Coach&#8217;s Course\"\n\t\t\t\t\t\tclass=\"btn btn-primary\"\n\t\t\t\t\t\thref=\"https:\/\/sites.cru.org\/learningcentreagapeeurope\/es\/courses\/nst-coach-course\/\"\n\t\t\t\t\t>\n\t\t\t\t\t\tEnroll Now\t\t\t\t\t<\/a>\n\t\t\t\t<\/div>\n\t\t\t\t\t\t\t<\/div><!-- .entry-header -->\n\t\t\t<\/article><!-- #post-## -->\n<\/div><!-- .ld_course_grid -->\n\t<\/div>\n\t\t\t<\/div>\n\t\t<\/div>","protected":false},"excerpt":{"rendered":"","protected":false},"author":42027,"featured_media":0,"parent":0,"menu_order":0,"comment_status":"closed","ping_status":"closed","template":"","meta":{"_acf_changed":false,"_bbp_topic_count":0,"_bbp_reply_count":0,"_bbp_total_topic_count":0,"_bbp_total_reply_count":0,"_bbp_voice_count":0,"_bbp_anonymous_reply_count":0,"_bbp_topic_count_hidden":0,"_bbp_reply_count_hidden":0,"_bbp_forum_subforum_count":0,"inline_featured_image":false,"site-sidebar-layout":"default","site-content-layout":"default","ast-site-content-layout":"default","site-content-style":"default","site-sidebar-style":"default","ast-global-header-display":"","ast-banner-title-visibility":"","ast-main-header-display":"","ast-hfb-above-header-display":"","ast-hfb-below-header-display":"","ast-hfb-mobile-header-display":"","site-post-title":"","ast-breadcrumbs-content":"","ast-featured-img":"","footer-sml-layout":"","ast-disable-related-posts":"","theme-transparent-header-meta":"default","adv-header-id-meta":"","stick-header-meta":"default","header-above-stick-meta":"","header-main-stick-meta":"","header-below-stick-meta":"","astra-migrate-meta-layouts":"default","ast-page-background-enabled":"default","ast-page-background-meta":{"desktop":{"background-color":"","background-image":"","background-repeat":"repeat","background-position":"center center","background-size":"auto","background-attachment":"scroll","background-type":"","background-media":"","overlay-type":"","overlay-color":"","overlay-opacity":"","overlay-gradient":""},"tablet":{"background-color":"","background-image":"","background-repeat":"repeat","background-position":"center center","background-size":"auto","background-attachment":"scroll","background-type":"","background-media":"","overlay-type":"","overlay-color":"","overlay-opacity":"","overlay-gradient":""},"mobile":{"background-color":"","background-image":"","background-repeat":"repeat","background-position":"center center","background-size":"auto","background-attachment":"scroll","background-type":"","background-media":"","overlay-type":"","overlay-color":"","overlay-opacity":"","overlay-gradient":""}},"ast-content-background-meta":{"desktop":{"background-color":"var(--ast-global-color-5)","background-image":"","background-repeat":"repeat","background-position":"center center","background-size":"auto","background-attachment":"scroll","background-type":"","background-media":"","overlay-type":"","overlay-color":"","overlay-opacity":"","overlay-gradient":""},"tablet":{"background-color":"var(--ast-global-color-5)","background-image":"","background-repeat":"repeat","background-position":"center center","background-size":"auto","background-attachment":"scroll","background-type":"","background-media":"","overlay-type":"","overlay-color":"","overlay-opacity":"","overlay-gradient":""},"mobile":{"background-color":"var(--ast-global-color-5)","background-image":"","background-repeat":"repeat","background-position":"center center","background-size":"auto","background-attachment":"scroll","background-type":"","background-media":"","overlay-type":"","overlay-color":"","overlay-opacity":"","overlay-gradient":""}},"footnotes":""},"class_list":["post-2875","page","type-page","status-publish","hentry"],"acf":[],"jetpack_sharing_enabled":true,"meta_box":{"_cloudsearch_visibility":""},"_links":{"self":[{"href":"https:\/\/sites.cru.org\/learningcentreagapeeurope\/es\/wp-json\/wp\/v2\/pages\/2875","targetHints":{"allow":["GET"]}}],"collection":[{"href":"https:\/\/sites.cru.org\/learningcentreagapeeurope\/es\/wp-json\/wp\/v2\/pages"}],"about":[{"href":"https:\/\/sites.cru.org\/learningcentreagapeeurope\/es\/wp-json\/wp\/v2\/types\/page"}],"author":[{"embeddable":true,"href":"https:\/\/sites.cru.org\/learningcentreagapeeurope\/es\/wp-json\/wp\/v2\/users\/42027"}],"replies":[{"embeddable":true,"href":"https:\/\/sites.cru.org\/learningcentreagapeeurope\/es\/wp-json\/wp\/v2\/comments?post=2875"}],"version-history":[{"count":9,"href":"https:\/\/sites.cru.org\/learningcentreagapeeurope\/es\/wp-json\/wp\/v2\/pages\/2875\/revisions"}],"predecessor-version":[{"id":3234,"href":"https:\/\/sites.cru.org\/learningcentreagapeeurope\/es\/wp-json\/wp\/v2\/pages\/2875\/revisions\/3234"}],"wp:attachment":[{"href":"https:\/\/sites.cru.org\/learningcentreagapeeurope\/es\/wp-json\/wp\/v2\/media?parent=2875"}],"curies":[{"name":"wp","href":"https:\/\/api.w.org\/{rel}","templated":true}]}}